{"id":44731,"date":"2023-12-01T14:05:36","date_gmt":"2023-12-01T17:05:36","guid":{"rendered":"https:\/\/mayoristas.lanasorquidea.cl\/?page_id=44731"},"modified":"2025-03-17T09:49:47","modified_gmt":"2025-03-17T12:49:47","slug":"tiempos-de-despacho","status":"publish","type":"page","link":"https:\/\/mayoristas.lanasorquidea.cl\/?page_id=44731","title":{"rendered":"Tiempos de Despacho"},"content":{"rendered":"\t\t<div data-elementor-type=\"wp-page\" data-elementor-id=\"44731\" class=\"elementor elementor-44731\">\n\t\t\t\t<div class=\"elementor-element elementor-element-156123e e-flex e-con-boxed e-con e-parent\" data-id=\"156123e\" data-element_type=\"container\" data-e-type=\"container\" data-settings=\"{&quot;background_background&quot;:&quot;classic&quot;}\">\n\t\t\t\t\t<div class=\"e-con-inner\">\n\t\t\t\t<div class=\"elementor-element elementor-element-a7588a1 elementor-widget elementor-widget-heading\" data-id=\"a7588a1\" data-element_type=\"widget\" data-e-type=\"widget\" data-widget_type=\"heading.default\">\n\t\t\t\t<div class=\"elementor-widget-container\">\n\t\t\t\t\t<h1 class=\"elementor-heading-title elementor-size-default\">Tiempos de Despacho<\/h1>\t\t\t\t<\/div>\n\t\t\t\t<\/div>\n\t\t\t\t\t<\/div>\n\t\t\t\t<\/div>\n\t\t<div class=\"elementor-element elementor-element-aae5644 e-flex e-con-boxed e-con e-parent\" data-id=\"aae5644\" data-element_type=\"container\" data-e-type=\"container\">\n\t\t\t\t\t<div class=\"e-con-inner\">\n\t\t\t\t<div class=\"elementor-element elementor-element-751dd05 elementor-widget elementor-widget-spacer\" data-id=\"751dd05\" data-element_type=\"widget\" data-e-type=\"widget\" data-widget_type=\"spacer.default\">\n\t\t\t\t<div class=\"elementor-widget-container\">\n\t\t\t\t\t\t\t<div class=\"elementor-spacer\">\n\t\t\t<div class=\"elementor-spacer-inner\"><\/div>\n\t\t<\/div>\n\t\t\t\t\t\t<\/div>\n\t\t\t\t<\/div>\n\t\t\t\t\t<\/div>\n\t\t\t\t<\/div>\n\t\t<div class=\"elementor-element elementor-element-a010de4 e-flex e-con-boxed e-con e-parent\" data-id=\"a010de4\" data-element_type=\"container\" data-e-type=\"container\">\n\t\t\t\t\t<div class=\"e-con-inner\">\n\t\t\t\t<div class=\"elementor-element elementor-element-6ff4d72 elementor-widget elementor-widget-text-editor\" data-id=\"6ff4d72\" data-element_type=\"widget\" data-e-type=\"widget\" data-widget_type=\"text-editor.default\">\n\t\t\t\t<div class=\"elementor-widget-container\">\n\t\t\t\t\t\t\t\t\t<p><strong>1.\u00a0 Retiro en casa matriz<\/strong><\/p><p>*Entrega en 24 horas h\u00e1biles luego de confirmarse el pago, te contactaremos cuando tu pedido est\u00e9 disponible para retiro.\u00a0<\/p><p><strong>2. Regi\u00f3n Metropolitana \u2013 Transporte Maisa (Gratuito):<\/strong> Cerrillos, Cerro Navia, Conchal\u00ed, El Bosque, Estaci\u00f3n Central, Huechuraba, Independencia, La Cisterna, La Florida, La Granja, La Pintana, La Reina, Las Condes, Lo Barnechea, Lo Espejo, Lo Prado, Macul, Maip\u00fa, \u00d1u\u00f1oa, Pedro Aguirre Cerda, Pe\u00f1alol\u00e9n, Providencia, Pudahuel, Quilicura, Quinta Normal, Recoleta, Renca, San Joaqu\u00edn, San Miguel, San Ram\u00f3n, Santiago, Vitacura, Puente Alto y San Bernardo.<\/p><p>*Entrega de 7 d\u00edas h\u00e1biles luego de confirmarse el pago.<\/p><p><strong>3.\u00a0Fuera de la Regi\u00f3n Metropolitana<\/strong><\/p><p>*Una vez confirmado el pago del pedido, se despacha a transportes 2 veces a la semana. La fecha final de entrega depender\u00e1 exclusivamente de acuerdo a los tiempos de la empresa seleccionada.<\/p><p>*La disponibilidad de la empresa transportista est\u00e1 sujeta a las comunas de cada regi\u00f3n.<\/p>\t\t\t\t\t\t\t\t<\/div>\n\t\t\t\t<\/div>\n\t\t\t\t\t<\/div>\n\t\t\t\t<\/div>\n\t\t\t\t<\/div>\n\t\t","protected":false},"excerpt":{"rendered":"<p>Tiempos de Despacho 1.\u00a0 Retiro en casa matriz *Entrega en 24 horas h\u00e1biles luego de confirmarse el pago, te contactaremos cuando tu pedido est\u00e9 disponible para retiro.\u00a0 2. Regi\u00f3n Metropolitana \u2013 Transporte Maisa (Gratuito): Cerrillos, Cerro Navia, Conchal\u00ed, El Bosque, Estaci\u00f3n Central, Huechuraba, Independencia, La Cisterna, La Florida, La Granja, La Pintana, La Reina, Las [&hellip;]<\/p>\n","protected":false},"author":8454,"featured_media":0,"parent":0,"menu_order":0,"comment_status":"closed","ping_status":"closed","template":"","meta":{"_acf_changed":false,"footnotes":""},"class_list":["post-44731","page","type-page","status-publish","hentry"],"acf":[],"_links":{"self":[{"href":"https:\/\/mayoristas.lanasorquidea.cl\/index.php?rest_route=\/wp\/v2\/pages\/44731","targetHints":{"allow":["GET"]}}],"collection":[{"href":"https:\/\/mayoristas.lanasorquidea.cl\/index.php?rest_route=\/wp\/v2\/pages"}],"about":[{"href":"https:\/\/mayoristas.lanasorquidea.cl\/index.php?rest_route=\/wp\/v2\/types\/page"}],"author":[{"embeddable":true,"href":"https:\/\/mayoristas.lanasorquidea.cl\/index.php?rest_route=\/wp\/v2\/users\/8454"}],"replies":[{"embeddable":true,"href":"https:\/\/mayoristas.lanasorquidea.cl\/index.php?rest_route=%2Fwp%2Fv2%2Fcomments&post=44731"}],"version-history":[{"count":0,"href":"https:\/\/mayoristas.lanasorquidea.cl\/index.php?rest_route=\/wp\/v2\/pages\/44731\/revisions"}],"wp:attachment":[{"href":"https:\/\/mayoristas.lanasorquidea.cl\/index.php?rest_route=%2Fwp%2Fv2%2Fmedia&parent=44731"}],"curies":[{"name":"wp","href":"https:\/\/api.w.org\/{rel}","templated":true}]}}