{"id":44745,"date":"2023-12-01T14:09:46","date_gmt":"2023-12-01T17:09:46","guid":{"rendered":"https:\/\/mayoristas.lanasorquidea.cl\/?page_id=44745"},"modified":"2025-03-17T10:02:02","modified_gmt":"2025-03-17T13:02:02","slug":"nuestras-tiendas","status":"publish","type":"page","link":"https:\/\/mayoristas.lanasorquidea.cl\/?page_id=44745","title":{"rendered":"Nuestras Tiendas"},"content":{"rendered":"\t\t<div data-elementor-type=\"wp-page\" data-elementor-id=\"44745\" class=\"elementor elementor-44745\">\n\t\t\t\t<div class=\"elementor-element elementor-element-69f8c29 e-flex e-con-boxed e-con e-parent\" data-id=\"69f8c29\" data-element_type=\"container\" data-e-type=\"container\" data-settings=\"{&quot;background_background&quot;:&quot;classic&quot;}\">\n\t\t\t\t\t<div class=\"e-con-inner\">\n\t\t\t\t<div class=\"elementor-element elementor-element-91913aa elementor-widget elementor-widget-heading\" data-id=\"91913aa\" data-element_type=\"widget\" data-e-type=\"widget\" data-widget_type=\"heading.default\">\n\t\t\t\t<div class=\"elementor-widget-container\">\n\t\t\t\t\t<h1 class=\"elementor-heading-title elementor-size-default\">Nuestras Tiendas<\/h1>\t\t\t\t<\/div>\n\t\t\t\t<\/div>\n\t\t\t\t\t<\/div>\n\t\t\t\t<\/div>\n\t\t<div class=\"elementor-element elementor-element-450569c e-con-full e-flex e-con e-parent\" data-id=\"450569c\" data-element_type=\"container\" data-e-type=\"container\">\n\t\t<div class=\"elementor-element elementor-element-02349cb e-con-full e-flex e-con e-child\" data-id=\"02349cb\" data-element_type=\"container\" data-e-type=\"container\">\n\t\t\t\t<div class=\"elementor-element elementor-element-1c5ab57 elementor-view-default elementor-widget elementor-widget-icon\" data-id=\"1c5ab57\" data-element_type=\"widget\" data-e-type=\"widget\" data-widget_type=\"icon.default\">\n\t\t\t\t<div class=\"elementor-widget-container\">\n\t\t\t\t\t\t\t<div class=\"elementor-icon-wrapper\">\n\t\t\t<div class=\"elementor-icon\">\n\t\t\t<i aria-hidden=\"true\" class=\"isax icon-location\"><\/i>\t\t\t<\/div>\n\t\t<\/div>\n\t\t\t\t\t\t<\/div>\n\t\t\t\t<\/div>\n\t\t\t\t<div class=\"elementor-element elementor-element-bcabcb4 elementor-widget elementor-widget-heading\" data-id=\"bcabcb4\" data-element_type=\"widget\" data-e-type=\"widget\" data-widget_type=\"heading.default\">\n\t\t\t\t<div class=\"elementor-widget-container\">\n\t\t\t\t\t<h2 class=\"elementor-heading-title elementor-size-default\">Apumanque<\/h2>\t\t\t\t<\/div>\n\t\t\t\t<\/div>\n\t\t\t\t<div class=\"elementor-element elementor-element-8f97ff5 elementor-widget elementor-widget-text-editor\" data-id=\"8f97ff5\" data-element_type=\"widget\" data-e-type=\"widget\" data-widget_type=\"text-editor.default\">\n\t\t\t\t<div class=\"elementor-widget-container\">\n\t\t\t\t\t\t\t\t\t<p style=\"text-align: center;\"><span style=\"font-family: inherit; font-size: inherit; font-style: inherit; font-variant-ligatures: inherit; font-variant-caps: inherit; font-weight: inherit;\">Av. Manquehue Sur #31<\/span><\/p><div class=\"column__text rte body-size-3\" style=\"margin: 0px; padding: 0px; border: 0px; font-variant-numeric: inherit; font-variant-east-asian: inherit; font-variant-alternates: inherit; font-variant-position: inherit; font-stretch: inherit; font-size: 19.2px; line-height: inherit; font-family: Cardo, serif; font-optical-sizing: inherit; font-kerning: inherit; font-feature-settings: inherit; font-variation-settings: inherit; vertical-align: baseline; -webkit-font-smoothing: antialiased; text-align: center;\"><p style=\"margin: 10px 0px 0.5em; padding: 0px; border: 0px; font-style: inherit; font-variant: inherit; font-weight: inherit; font-stretch: inherit; font-size: inherit; line-height: 1.5; font-family: inherit; font-optical-sizing: inherit; font-kerning: inherit; font-feature-settings: inherit; font-variation-settings: inherit; vertical-align: baseline; -webkit-font-smoothing: antialiased; text-align: center;\">Local 437 (1er Piso)<br style=\"-webkit-font-smoothing: antialiased;\" \/>Las Condes, Santiago<br style=\"-webkit-font-smoothing: antialiased;\" \/><span style=\"font-weight: var(--FONT-WEIGHT-BODY-BOLD); -webkit-font-smoothing: antialiased;\"><br style=\"-webkit-font-smoothing: antialiased;\" \/>Horarios<\/span><\/p><p style=\"margin: 10px 0px 0.5em; padding: 0px; border: 0px; font-style: inherit; font-variant: inherit; font-weight: inherit; font-stretch: inherit; font-size: inherit; line-height: 1.5; font-family: inherit; font-optical-sizing: inherit; font-kerning: inherit; font-feature-settings: inherit; font-variation-settings: inherit; vertical-align: baseline; -webkit-font-smoothing: antialiased; text-align: center;\">Lunes a Viernes<br style=\"-webkit-font-smoothing: antialiased;\" \/>10:00 a 20:00 hrs.<\/p><p style=\"margin: 10px 0px 0.5em; padding: 0px; border: 0px; font-style: inherit; font-variant: inherit; font-weight: inherit; font-stretch: inherit; font-size: inherit; line-height: 1.5; font-family: inherit; font-optical-sizing: inherit; font-kerning: inherit; font-feature-settings: inherit; font-variation-settings: inherit; vertical-align: baseline; -webkit-font-smoothing: antialiased; text-align: center;\">S\u00e1bado<br style=\"-webkit-font-smoothing: antialiased;\" \/>10:00 a 14:00 \/ 15:00 a 20:00 hrs.<\/p><p style=\"margin: 10px 0px 0px; padding: 0px; border: 0px; font-style: inherit; font-variant: inherit; font-weight: inherit; font-stretch: inherit; font-size: inherit; line-height: 1.5; font-family: inherit; font-optical-sizing: inherit; font-kerning: inherit; font-feature-settings: inherit; font-variation-settings: inherit; vertical-align: baseline; -webkit-font-smoothing: antialiased; text-align: center;\">Domingo<\/p><\/div>\t\t\t\t\t\t\t\t<\/div>\n\t\t\t\t<\/div>\n\t\t\t\t<\/div>\n\t\t<div class=\"elementor-element elementor-element-5964953 e-con-full e-flex e-con e-child\" data-id=\"5964953\" data-element_type=\"container\" data-e-type=\"container\">\n\t\t\t\t<div class=\"elementor-element elementor-element-5fbda0f elementor-view-default elementor-widget elementor-widget-icon\" data-id=\"5fbda0f\" data-element_type=\"widget\" data-e-type=\"widget\" data-widget_type=\"icon.default\">\n\t\t\t\t<div class=\"elementor-widget-container\">\n\t\t\t\t\t\t\t<div class=\"elementor-icon-wrapper\">\n\t\t\t<div class=\"elementor-icon\">\n\t\t\t<i aria-hidden=\"true\" class=\"isax icon-location\"><\/i>\t\t\t<\/div>\n\t\t<\/div>\n\t\t\t\t\t\t<\/div>\n\t\t\t\t<\/div>\n\t\t\t\t<div class=\"elementor-element elementor-element-aa791c0 elementor-widget elementor-widget-heading\" data-id=\"aa791c0\" data-element_type=\"widget\" data-e-type=\"widget\" data-widget_type=\"heading.default\">\n\t\t\t\t<div class=\"elementor-widget-container\">\n\t\t\t\t\t<h2 class=\"elementor-heading-title elementor-size-default\">Concepci\u00f3n<\/h2>\t\t\t\t<\/div>\n\t\t\t\t<\/div>\n\t\t\t\t<div class=\"elementor-element elementor-element-a3ac280 elementor-widget elementor-widget-text-editor\" data-id=\"a3ac280\" data-element_type=\"widget\" data-e-type=\"widget\" data-widget_type=\"text-editor.default\">\n\t\t\t\t<div class=\"elementor-widget-container\">\n\t\t\t\t\t\t\t\t\t<h3 class=\"column__heading heading-size-4\" style=\"-webkit-font-smoothing: antialiased; font-size: calc(var(--font-4) * var(--FONT-ADJUST-HEADING)); font-family: Cardo, serif; font-weight: var(--FONT-WEIGHT-HEADING); line-height: 1.2; margin-right: 0px; margin-bottom: 7px; margin-left: 0px; color: #3c5367; text-align: center;\"><span style=\"font-family: inherit; font-size: inherit; font-style: inherit; font-variant-ligatures: inherit; font-variant-caps: inherit; font-weight: inherit;\">Av. Jorge Alessandri Rodr\u00edguez #3177<\/span><\/h3><div class=\"column__text rte body-size-3\" style=\"margin: 0px; padding: 0px; border: 0px; font-variant-numeric: inherit; font-variant-east-asian: inherit; font-variant-alternates: inherit; font-variant-position: inherit; font-stretch: inherit; font-size: 19.2px; line-height: inherit; font-family: Cardo, serif; font-optical-sizing: inherit; font-kerning: inherit; font-feature-settings: inherit; font-variation-settings: inherit; vertical-align: baseline; -webkit-font-smoothing: antialiased; text-align: center;\"><h3 style=\"margin: 10px 0px 0px; padding: 0px; border: 0px; font-style: inherit; font-variant: inherit; font-weight: inherit; font-stretch: inherit; font-size: inherit; line-height: 1.5; font-family: inherit; font-optical-sizing: inherit; font-kerning: inherit; font-feature-settings: inherit; font-variation-settings: inherit; vertical-align: baseline; -webkit-font-smoothing: antialiased;\">Local C-207 (2do Piso)<br style=\"-webkit-font-smoothing: antialiased;\" \/>Talcahuano<br style=\"-webkit-font-smoothing: antialiased;\" \/>Mall Plaza El Tr\u00e9bol<br style=\"-webkit-font-smoothing: antialiased;\" \/><br style=\"-webkit-font-smoothing: antialiased;\" \/><span style=\"font-weight: var(--FONT-WEIGHT-BODY-BOLD); -webkit-font-smoothing: antialiased;\">Horarios<br style=\"-webkit-font-smoothing: antialiased;\" \/><\/span>Lunes a Jueves<span style=\"font-weight: var(--FONT-WEIGHT-BODY-BOLD); -webkit-font-smoothing: antialiased;\"><br style=\"-webkit-font-smoothing: antialiased;\" \/><\/span>10:00 a 21:00 hrs.<span style=\"font-weight: var(--FONT-WEIGHT-BODY-BOLD); -webkit-font-smoothing: antialiased;\"><br style=\"-webkit-font-smoothing: antialiased;\" \/><br style=\"-webkit-font-smoothing: antialiased;\" \/><\/span>Viernes, S\u00e1bado y Domingo<span style=\"font-weight: var(--FONT-WEIGHT-BODY-BOLD); -webkit-font-smoothing: antialiased;\"><br style=\"-webkit-font-smoothing: antialiased;\" \/><\/span>11:00 a 21:00 hrs.<\/h3><\/div>\t\t\t\t\t\t\t\t<\/div>\n\t\t\t\t<\/div>\n\t\t\t\t<\/div>\n\t\t<div class=\"elementor-element elementor-element-129aa21 e-con-full e-flex e-con e-child\" data-id=\"129aa21\" data-element_type=\"container\" data-e-type=\"container\">\n\t\t\t\t<div class=\"elementor-element elementor-element-ba5eefc elementor-view-default elementor-widget elementor-widget-icon\" data-id=\"ba5eefc\" data-element_type=\"widget\" data-e-type=\"widget\" data-widget_type=\"icon.default\">\n\t\t\t\t<div class=\"elementor-widget-container\">\n\t\t\t\t\t\t\t<div class=\"elementor-icon-wrapper\">\n\t\t\t<div class=\"elementor-icon\">\n\t\t\t<i aria-hidden=\"true\" class=\"isax icon-location\"><\/i>\t\t\t<\/div>\n\t\t<\/div>\n\t\t\t\t\t\t<\/div>\n\t\t\t\t<\/div>\n\t\t\t\t<div class=\"elementor-element elementor-element-e33cc09 elementor-widget elementor-widget-heading\" data-id=\"e33cc09\" data-element_type=\"widget\" data-e-type=\"widget\" data-widget_type=\"heading.default\">\n\t\t\t\t<div class=\"elementor-widget-container\">\n\t\t\t\t\t<h2 class=\"elementor-heading-title elementor-size-default\">Costanera Center<\/h2>\t\t\t\t<\/div>\n\t\t\t\t<\/div>\n\t\t\t\t<div class=\"elementor-element elementor-element-4b40802 elementor-widget__width-initial elementor-widget elementor-widget-text-editor\" data-id=\"4b40802\" data-element_type=\"widget\" data-e-type=\"widget\" data-widget_type=\"text-editor.default\">\n\t\t\t\t<div class=\"elementor-widget-container\">\n\t\t\t\t\t\t\t\t\t<h2 style=\"-webkit-font-smoothing: antialiased; font-size: calc(var(--font-4) * var(--FONT-ADJUST-HEADING)); font-family: Cardo, serif; font-weight: var(--FONT-WEIGHT-HEADING); line-height: 1.2; margin-right: 0px; margin-bottom: 7px; margin-left: 0px; color: #3c5367; text-align: center;\"><span style=\"color: #2e5168; font-family: inherit; font-size: inherit; font-style: inherit; font-variant-ligatures: inherit; font-variant-caps: inherit; font-weight: inherit;\">Av. Andr\u00e9s Bello #2447 Local 248<\/span><\/h2><div style=\"margin: 0px; padding: 0px; border: 0px; font-variant-numeric: inherit; font-variant-east-asian: inherit; font-variant-alternates: inherit; font-variant-position: inherit; font-stretch: inherit; font-size: 19.2px; line-height: inherit; font-family: Cardo, serif; font-optical-sizing: inherit; font-kerning: inherit; font-feature-settings: inherit; font-variation-settings: inherit; vertical-align: baseline; -webkit-font-smoothing: antialiased; color: #3c5367; text-align: center;\"><p style=\"margin: 10px 0px 0.5em; padding: 0px; border: 0px; font-style: inherit; font-variant: inherit; font-weight: inherit; font-stretch: inherit; font-size: inherit; line-height: 1.5; font-family: inherit; font-optical-sizing: inherit; font-kerning: inherit; font-feature-settings: inherit; font-variation-settings: inherit; vertical-align: baseline; -webkit-font-smoothing: antialiased;\">Providencia, Santiago<\/p><p style=\"margin: 10px 0px 0.5em; padding: 0px; border: 0px; font-style: inherit; font-variant: inherit; font-weight: inherit; font-stretch: inherit; font-size: inherit; line-height: 1.5; font-family: inherit; font-optical-sizing: inherit; font-kerning: inherit; font-feature-settings: inherit; font-variation-settings: inherit; vertical-align: baseline; -webkit-font-smoothing: antialiased;\">+56 9 3421 2613<\/p><p style=\"margin: 10px 0px 0px; padding: 0px; border: 0px; font-style: inherit; font-variant: inherit; font-weight: inherit; font-stretch: inherit; font-size: inherit; line-height: 1.5; font-family: inherit; font-optical-sizing: inherit; font-kerning: inherit; font-feature-settings: inherit; font-variation-settings: inherit; vertical-align: baseline; -webkit-font-smoothing: antialiased;\"><span style=\"font-weight: var(--FONT-WEIGHT-BODY-BOLD); -webkit-font-smoothing: antialiased;\">Horarios<br style=\"-webkit-font-smoothing: antialiased;\" \/><\/span>Lunes a Domingo<br style=\"-webkit-font-smoothing: antialiased;\" \/>10:00 a 20:30 hrs.<\/p><\/div>\t\t\t\t\t\t\t\t<\/div>\n\t\t\t\t<\/div>\n\t\t\t\t<\/div>\n\t\t<div class=\"elementor-element elementor-element-0404b60 e-con-full e-flex e-con e-child\" data-id=\"0404b60\" data-element_type=\"container\" data-e-type=\"container\">\n\t\t\t\t<div class=\"elementor-element elementor-element-d286b7f elementor-view-default elementor-widget elementor-widget-icon\" data-id=\"d286b7f\" data-element_type=\"widget\" data-e-type=\"widget\" data-widget_type=\"icon.default\">\n\t\t\t\t<div class=\"elementor-widget-container\">\n\t\t\t\t\t\t\t<div class=\"elementor-icon-wrapper\">\n\t\t\t<div class=\"elementor-icon\">\n\t\t\t<i aria-hidden=\"true\" class=\"isax icon-location\"><\/i>\t\t\t<\/div>\n\t\t<\/div>\n\t\t\t\t\t\t<\/div>\n\t\t\t\t<\/div>\n\t\t\t\t<div class=\"elementor-element elementor-element-b91d965 elementor-widget elementor-widget-heading\" data-id=\"b91d965\" data-element_type=\"widget\" data-e-type=\"widget\" data-widget_type=\"heading.default\">\n\t\t\t\t<div class=\"elementor-widget-container\">\n\t\t\t\t\t<h2 class=\"elementor-heading-title elementor-size-default\">Recoleta <br>(Casa Matriz)<\/h2>\t\t\t\t<\/div>\n\t\t\t\t<\/div>\n\t\t\t\t<div class=\"elementor-element elementor-element-8ec7610 elementor-widget__width-initial elementor-widget elementor-widget-text-editor\" data-id=\"8ec7610\" data-element_type=\"widget\" data-e-type=\"widget\" data-widget_type=\"text-editor.default\">\n\t\t\t\t<div class=\"elementor-widget-container\">\n\t\t\t\t\t\t\t\t\t<h2 class=\"column__heading heading-size-4\" style=\"-webkit-font-smoothing: antialiased; font-size: calc(var(--font-4) * var(--FONT-ADJUST-HEADING)); font-family: Cardo, serif; font-weight: var(--FONT-WEIGHT-HEADING); line-height: 1.2; margin-right: 0px; margin-bottom: 7px; margin-left: 0px; color: #3c5367; text-align: center;\"><span style=\"font-family: inherit; font-size: inherit; font-style: inherit; font-variant-ligatures: inherit; font-variant-caps: inherit; font-weight: inherit;\">El Roble #1077<\/span><\/h2><div class=\"column__text rte body-size-3\" style=\"margin: 0px; padding: 0px; border: 0px; font-variant-numeric: inherit; font-variant-east-asian: inherit; font-variant-alternates: inherit; font-variant-position: inherit; font-stretch: inherit; font-size: 19.2px; line-height: inherit; font-family: Cardo, serif; font-optical-sizing: inherit; font-kerning: inherit; font-feature-settings: inherit; font-variation-settings: inherit; vertical-align: baseline; -webkit-font-smoothing: antialiased; text-align: center;\"><p style=\"margin: 10px 0px 0.5em; padding: 0px; border: 0px; font-style: inherit; font-variant: inherit; font-weight: inherit; font-stretch: inherit; font-size: inherit; line-height: 1.5; font-family: inherit; font-optical-sizing: inherit; font-kerning: inherit; font-feature-settings: inherit; font-variation-settings: inherit; vertical-align: baseline; -webkit-font-smoothing: antialiased;\">Recoleta, Santiago<\/p><p style=\"margin: 10px 0px 0.5em; padding: 0px; border: 0px; font-style: inherit; font-variant: inherit; font-weight: inherit; font-stretch: inherit; font-size: inherit; line-height: 1.5; font-family: inherit; font-optical-sizing: inherit; font-kerning: inherit; font-feature-settings: inherit; font-variation-settings: inherit; vertical-align: baseline; -webkit-font-smoothing: antialiased;\">+56 9 3421 2613<\/p><p style=\"margin: 10px 0px 0.5em; padding: 0px; border: 0px; font-style: inherit; font-variant: inherit; font-weight: inherit; font-stretch: inherit; font-size: inherit; line-height: 1.5; font-family: inherit; font-optical-sizing: inherit; font-kerning: inherit; font-feature-settings: inherit; font-variation-settings: inherit; vertical-align: baseline; -webkit-font-smoothing: antialiased;\"><span style=\"font-weight: var(--FONT-WEIGHT-BODY-BOLD); -webkit-font-smoothing: antialiased;\">Horarios<\/span><\/p><p style=\"margin: 10px 0px 0.5em; padding: 0px; border: 0px; font-style: inherit; font-variant: inherit; font-weight: inherit; font-stretch: inherit; font-size: inherit; line-height: 1.5; font-family: inherit; font-optical-sizing: inherit; font-kerning: inherit; font-feature-settings: inherit; font-variation-settings: inherit; vertical-align: baseline; -webkit-font-smoothing: antialiased;\"><span style=\"font-weight: var(--FONT-WEIGHT-BODY-BOLD); -webkit-font-smoothing: antialiased;\">Al detalle<br style=\"-webkit-font-smoothing: antialiased;\" \/><\/span>Lunes a Viernes<br style=\"-webkit-font-smoothing: antialiased;\" \/>10:00 a 16:00 hrs.<\/p><p style=\"margin: 10px 0px 0px; padding: 0px; border: 0px; font-style: inherit; font-variant: inherit; font-weight: inherit; font-stretch: inherit; font-size: inherit; line-height: 1.5; font-family: inherit; font-optical-sizing: inherit; font-kerning: inherit; font-feature-settings: inherit; font-variation-settings: inherit; vertical-align: baseline; -webkit-font-smoothing: antialiased;\"><span style=\"font-weight: var(--FONT-WEIGHT-BODY-BOLD); -webkit-font-smoothing: antialiased;\">Por Mayor<br style=\"-webkit-font-smoothing: antialiased;\" \/><\/span>Lunes a Viernes<br style=\"-webkit-font-smoothing: antialiased;\" \/>9:00 a 15:00 hrs.<\/p><\/div>\t\t\t\t\t\t\t\t<\/div>\n\t\t\t\t<\/div>\n\t\t\t\t<\/div>\n\t\t\t\t<\/div>\n\t\t\t\t<\/div>\n\t\t","protected":false},"excerpt":{"rendered":"<p>Nuestras Tiendas Apumanque Av. Manquehue Sur #31 Local 437 (1er Piso)Las Condes, SantiagoHorarios Lunes a Viernes10:00 a 20:00 hrs. S\u00e1bado10:00 a 14:00 \/ 15:00 a 20:00 hrs. Domingo Concepci\u00f3n Av. Jorge Alessandri Rodr\u00edguez #3177 Local C-207 (2do Piso)TalcahuanoMall Plaza El Tr\u00e9bolHorariosLunes a Jueves10:00 a 21:00 hrs.Viernes, S\u00e1bado y Domingo11:00 a 21:00 hrs. Costanera Center Av. [&hellip;]<\/p>\n","protected":false},"author":8454,"featured_media":0,"parent":0,"menu_order":0,"comment_status":"closed","ping_status":"closed","template":"","meta":{"_acf_changed":false,"footnotes":""},"class_list":["post-44745","page","type-page","status-publish","hentry"],"acf":[],"_links":{"self":[{"href":"https:\/\/mayoristas.lanasorquidea.cl\/index.php?rest_route=\/wp\/v2\/pages\/44745","targetHints":{"allow":["GET"]}}],"collection":[{"href":"https:\/\/mayoristas.lanasorquidea.cl\/index.php?rest_route=\/wp\/v2\/pages"}],"about":[{"href":"https:\/\/mayoristas.lanasorquidea.cl\/index.php?rest_route=\/wp\/v2\/types\/page"}],"author":[{"embeddable":true,"href":"https:\/\/mayoristas.lanasorquidea.cl\/index.php?rest_route=\/wp\/v2\/users\/8454"}],"replies":[{"embeddable":true,"href":"https:\/\/mayoristas.lanasorquidea.cl\/index.php?rest_route=%2Fwp%2Fv2%2Fcomments&post=44745"}],"version-history":[{"count":0,"href":"https:\/\/mayoristas.lanasorquidea.cl\/index.php?rest_route=\/wp\/v2\/pages\/44745\/revisions"}],"wp:attachment":[{"href":"https:\/\/mayoristas.lanasorquidea.cl\/index.php?rest_route=%2Fwp%2Fv2%2Fmedia&parent=44745"}],"curies":[{"name":"wp","href":"https:\/\/api.w.org\/{rel}","templated":true}]}}