{"id":45210,"date":"2023-12-05T11:22:05","date_gmt":"2023-12-05T14:22:05","guid":{"rendered":"https:\/\/mayoristas.lanasorquidea.cl\/?page_id=45210"},"modified":"2025-03-17T10:07:45","modified_gmt":"2025-03-17T13:07:45","slug":"condiciones-de-venta-mayorista","status":"publish","type":"page","link":"https:\/\/mayoristas.lanasorquidea.cl\/?page_id=45210","title":{"rendered":"Condiciones de Venta Mayorista"},"content":{"rendered":"\t\t<div data-elementor-type=\"wp-page\" data-elementor-id=\"45210\" class=\"elementor elementor-45210\">\n\t\t\t\t<div class=\"elementor-element elementor-element-ecf2020 e-flex e-con-boxed e-con e-parent\" data-id=\"ecf2020\" data-element_type=\"container\" data-e-type=\"container\" data-settings=\"{&quot;background_background&quot;:&quot;classic&quot;}\">\n\t\t\t\t\t<div class=\"e-con-inner\">\n\t\t\t\t<div class=\"elementor-element elementor-element-05b8ff4 elementor-widget elementor-widget-heading\" data-id=\"05b8ff4\" data-element_type=\"widget\" data-e-type=\"widget\" data-widget_type=\"heading.default\">\n\t\t\t\t<div class=\"elementor-widget-container\">\n\t\t\t\t\t<h1 class=\"elementor-heading-title elementor-size-default\">Condiciones de Venta Mayorista<\/h1>\t\t\t\t<\/div>\n\t\t\t\t<\/div>\n\t\t\t\t\t<\/div>\n\t\t\t\t<\/div>\n\t\t<div class=\"elementor-element elementor-element-1923c9e e-flex e-con-boxed e-con e-parent\" data-id=\"1923c9e\" data-element_type=\"container\" data-e-type=\"container\">\n\t\t\t\t\t<div class=\"e-con-inner\">\n\t\t\t\t<div class=\"elementor-element elementor-element-a4521e9 elementor-widget elementor-widget-spacer\" data-id=\"a4521e9\" data-element_type=\"widget\" data-e-type=\"widget\" data-widget_type=\"spacer.default\">\n\t\t\t\t<div class=\"elementor-widget-container\">\n\t\t\t\t\t\t\t<div class=\"elementor-spacer\">\n\t\t\t<div class=\"elementor-spacer-inner\"><\/div>\n\t\t<\/div>\n\t\t\t\t\t\t<\/div>\n\t\t\t\t<\/div>\n\t\t\t\t\t<\/div>\n\t\t\t\t<\/div>\n\t\t<div class=\"elementor-element elementor-element-e34503a e-flex e-con-boxed e-con e-parent\" data-id=\"e34503a\" data-element_type=\"container\" data-e-type=\"container\">\n\t\t\t\t\t<div class=\"e-con-inner\">\n\t\t\t\t<div class=\"elementor-element elementor-element-8763103 elementor-widget elementor-widget-text-editor\" data-id=\"8763103\" data-element_type=\"widget\" data-e-type=\"widget\" data-widget_type=\"text-editor.default\">\n\t\t\t\t<div class=\"elementor-widget-container\">\n\t\t\t\t\t\t\t\t\t<ol><li><p>El m\u00ednimo de compra son 10 kilos (10 \u00edtems) que puedes combinar con cualquier producto o color.<\/p><\/li><li><p>El m\u00ednimo por color es 1 kilo (1 \u00edtem), y solo se aceptan cantidades enteras (kilos).<\/p><\/li><li><p>No es necesario tener raz\u00f3n social para comprar. La compra puede ser con boleta o factura y en ambos casos pagas IVA.<\/p><\/li><\/ol>\t\t\t\t\t\t\t\t<\/div>\n\t\t\t\t<\/div>\n\t\t\t\t\t<\/div>\n\t\t\t\t<\/div>\n\t\t\t\t<\/div>\n\t\t","protected":false},"excerpt":{"rendered":"<p>Condiciones de Venta Mayorista El m\u00ednimo de compra son 10 kilos (10 \u00edtems) que puedes combinar con cualquier producto o color. El m\u00ednimo por color es 1 kilo (1 \u00edtem), y solo se aceptan cantidades enteras (kilos). No es necesario tener raz\u00f3n social para comprar. La compra puede ser con boleta o factura y en [&hellip;]<\/p>\n","protected":false},"author":8454,"featured_media":0,"parent":0,"menu_order":0,"comment_status":"closed","ping_status":"closed","template":"","meta":{"_acf_changed":false,"footnotes":""},"class_list":["post-45210","page","type-page","status-publish","hentry"],"acf":[],"_links":{"self":[{"href":"https:\/\/mayoristas.lanasorquidea.cl\/index.php?rest_route=\/wp\/v2\/pages\/45210","targetHints":{"allow":["GET"]}}],"collection":[{"href":"https:\/\/mayoristas.lanasorquidea.cl\/index.php?rest_route=\/wp\/v2\/pages"}],"about":[{"href":"https:\/\/mayoristas.lanasorquidea.cl\/index.php?rest_route=\/wp\/v2\/types\/page"}],"author":[{"embeddable":true,"href":"https:\/\/mayoristas.lanasorquidea.cl\/index.php?rest_route=\/wp\/v2\/users\/8454"}],"replies":[{"embeddable":true,"href":"https:\/\/mayoristas.lanasorquidea.cl\/index.php?rest_route=%2Fwp%2Fv2%2Fcomments&post=45210"}],"version-history":[{"count":0,"href":"https:\/\/mayoristas.lanasorquidea.cl\/index.php?rest_route=\/wp\/v2\/pages\/45210\/revisions"}],"wp:attachment":[{"href":"https:\/\/mayoristas.lanasorquidea.cl\/index.php?rest_route=%2Fwp%2Fv2%2Fmedia&parent=45210"}],"curies":[{"name":"wp","href":"https:\/\/api.w.org\/{rel}","templated":true}]}}