{"id":41211,"date":"2023-11-06T23:29:51","date_gmt":"2023-11-07T02:29:51","guid":{"rendered":"https:\/\/mayoristas.lanasorquidea.cl\/?post_type=product&#038;p=41211"},"modified":"2026-01-04T16:58:17","modified_gmt":"2026-01-04T19:58:17","slug":"hortensia-estampado-1-kg","status":"publish","type":"product","link":"https:\/\/mayoristas.lanasorquidea.cl\/?product=hortensia-estampado-1-kg","title":{"rendered":"Hortensia Estampado 1 Kg (IVA incluido)"},"content":{"rendered":"<ul>\n<li>Antial\u00e9rgico<\/li>\n<li>Composici\u00f3n: 70% Acr\u00edlico Premium \/ 30% Lana<\/li>\n<li>Numero de hebras: 1<\/li>\n<li>Gramaje: 100 gramos<\/li>\n<li>Metros en 100 gramos: 100 metros<\/li>\n<li>Grosor: 5 Abultado (Chunky)<\/li>\n<li>WPI (vueltas por pulgadas): 7-8<\/li>\n<li>Palillo recomendado: 6.5 a 9 mm<\/li>\n<li>Crochet recomendado: 5.5 a 8 mm<\/li>\n<\/ul>\n","protected":false},"excerpt":{"rendered":"<p>Antial\u00e9rgico Composici\u00f3n: 70% Acr\u00edlico Premium \/ 30% Lana Numero de hebras: 1 Gramaje: 100 gramos Metros en 100 gramos: 100 metros Grosor: 5 Abultado (Chunky) WPI (vueltas por pulgadas): 7-8 Palillo recomendado: 6.5 a 9 mm Crochet recomendado: 5.5 a 8 mm<\/p>\n","protected":false},"featured_media":42960,"template":"","meta":{"_acf_changed":false},"product_brand":[],"product_cat":[71,62],"product_tag":[],"class_list":{"0":"post-41211","1":"product","2":"type-product","3":"status-publish","4":"has-post-thumbnail","6":"product_cat-linea-especial-lanas","7":"product_cat-hilados-de-invierno","8":"pa_hortensia-amarillo-aromo-estampado-1583","9":"pa_hortensia-beige-estampado-1581","10":"pa_hortensia-calipso-estampado-1600","11":"pa_hortensia-denim-estampado-1605","12":"pa_hortensia-malva-estampado-1594","13":"pa_hortensia-morado-estampado-1596","14":"pa_hortensia-palo-rosa-estampado-1584","15":"pa_hortensia-turquesa-estampado-1580","16":"pa_hortensia-verde-musgo-estampado-1588","17":"pa_hortensia-verde-pastel-estampado-1585","19":"first","20":"outofstock","21":"purchasable","22":"product-type-variable","23":"has-default-attributes"},"acf":[],"_links":{"self":[{"href":"https:\/\/mayoristas.lanasorquidea.cl\/index.php?rest_route=\/wp\/v2\/product\/41211","targetHints":{"allow":["GET"]}}],"collection":[{"href":"https:\/\/mayoristas.lanasorquidea.cl\/index.php?rest_route=\/wp\/v2\/product"}],"about":[{"href":"https:\/\/mayoristas.lanasorquidea.cl\/index.php?rest_route=\/wp\/v2\/types\/product"}],"wp:featuredmedia":[{"embeddable":true,"href":"https:\/\/mayoristas.lanasorquidea.cl\/index.php?rest_route=\/wp\/v2\/media\/42960"}],"wp:attachment":[{"href":"https:\/\/mayoristas.lanasorquidea.cl\/index.php?rest_route=%2Fwp%2Fv2%2Fmedia&parent=41211"}],"wp:term":[{"taxonomy":"product_brand","embeddable":true,"href":"https:\/\/mayoristas.lanasorquidea.cl\/index.php?rest_route=%2Fwp%2Fv2%2Fproduct_brand&post=41211"},{"taxonomy":"product_cat","embeddable":true,"href":"https:\/\/mayoristas.lanasorquidea.cl\/index.php?rest_route=%2Fwp%2Fv2%2Fproduct_cat&post=41211"},{"taxonomy":"product_tag","embeddable":true,"href":"https:\/\/mayoristas.lanasorquidea.cl\/index.php?rest_route=%2Fwp%2Fv2%2Fproduct_tag&post=41211"}],"curies":[{"name":"wp","href":"https:\/\/api.w.org\/{rel}","templated":true}]}}