{"id":41896,"date":"2023-11-07T00:53:32","date_gmt":"2023-11-07T03:53:32","guid":{"rendered":"https:\/\/mayoristas.lanasorquidea.cl\/?post_type=product&#038;p=41896"},"modified":"2026-04-22T17:40:07","modified_gmt":"2026-04-22T20:40:07","slug":"cotton-air-1-kg","status":"publish","type":"product","link":"https:\/\/mayoristas.lanasorquidea.cl\/?product=cotton-air-1-kg","title":{"rendered":"Cotton Air 1 Kg (IVA incluido)"},"content":{"rendered":"<ul>\n<li>Antial\u00e9rgico<\/li>\n<li>Composici\u00f3n: 75% Acr\u00edlico Premium \/ 25% Algod\u00f3n<\/li>\n<li>Numero de hebras: 3<\/li>\n<li>Gramaje: 100 gramos<\/li>\n<li>Metros en 100 gramos: 200 metros aproximadamente<\/li>\n<li>Grosor: 3 Ligero (DK)<\/li>\n<li>WPI (vueltas por pulgadas): 12-14<\/li>\n<li>Palillo recomendado: 3.75 a 4.5 mm<\/li>\n<li>Crochet recomendado: 3.75 a 4.5 mm<\/li>\n<\/ul>\n","protected":false},"excerpt":{"rendered":"<p>Antial\u00e9rgico Composici\u00f3n: 75% Acr\u00edlico Premium \/ 25% Algod\u00f3n Numero de hebras: 3 Gramaje: 100 gramos Metros en 100 gramos: 200 metros aproximadamente Grosor: 3 Ligero (DK) WPI (vueltas por pulgadas): 12-14 Palillo recomendado: 3.75 a 4.5 mm Crochet recomendado: 3.75 a 4.5 mm<\/p>\n","protected":false},"featured_media":41393,"template":"","meta":{"_acf_changed":false},"product_brand":[],"product_cat":[71,65],"product_tag":[],"class_list":{"0":"post-41896","1":"product","2":"type-product","3":"status-publish","4":"has-post-thumbnail","6":"product_cat-linea-especial-lanas","7":"product_cat-hilados-de-verano","8":"pa_cotton-air-azul-jeans-810","9":"pa_cotton-air-azul-jeans-820","10":"pa_cotton-air-azul-marino-827","11":"pa_cotton-air-beige-802","12":"pa_cotton-air-celeste-819","13":"pa_cotton-air-crudo-824","14":"pa_cotton-air-gris-804","15":"pa_cotton-air-gris-818","16":"pa_cotton-air-lila-821","17":"pa_cotton-air-malva-812","18":"pa_cotton-air-mostaza-816","19":"pa_cotton-air-negro-805","20":"pa_cotton-air-ostra-803","21":"pa_cotton-air-palo-rosa-822","22":"pa_cotton-air-rojo-italiano-817","23":"pa_cotton-air-rosa-viejo-823","24":"pa_cotton-air-tostado-813","25":"pa_cotton-air-turquesa-826","26":"pa_cotton-air-verde-manzana-825","27":"pa_cotton-air-verde-menta-814","29":"first","30":"instock","31":"purchasable","32":"product-type-variable","33":"has-default-attributes"},"acf":[],"_links":{"self":[{"href":"https:\/\/mayoristas.lanasorquidea.cl\/index.php?rest_route=\/wp\/v2\/product\/41896","targetHints":{"allow":["GET"]}}],"collection":[{"href":"https:\/\/mayoristas.lanasorquidea.cl\/index.php?rest_route=\/wp\/v2\/product"}],"about":[{"href":"https:\/\/mayoristas.lanasorquidea.cl\/index.php?rest_route=\/wp\/v2\/types\/product"}],"wp:featuredmedia":[{"embeddable":true,"href":"https:\/\/mayoristas.lanasorquidea.cl\/index.php?rest_route=\/wp\/v2\/media\/41393"}],"wp:attachment":[{"href":"https:\/\/mayoristas.lanasorquidea.cl\/index.php?rest_route=%2Fwp%2Fv2%2Fmedia&parent=41896"}],"wp:term":[{"taxonomy":"product_brand","embeddable":true,"href":"https:\/\/mayoristas.lanasorquidea.cl\/index.php?rest_route=%2Fwp%2Fv2%2Fproduct_brand&post=41896"},{"taxonomy":"product_cat","embeddable":true,"href":"https:\/\/mayoristas.lanasorquidea.cl\/index.php?rest_route=%2Fwp%2Fv2%2Fproduct_cat&post=41896"},{"taxonomy":"product_tag","embeddable":true,"href":"https:\/\/mayoristas.lanasorquidea.cl\/index.php?rest_route=%2Fwp%2Fv2%2Fproduct_tag&post=41896"}],"curies":[{"name":"wp","href":"https:\/\/api.w.org\/{rel}","templated":true}]}}