{"id":41913,"date":"2023-11-07T00:53:38","date_gmt":"2023-11-07T03:53:38","guid":{"rendered":"https:\/\/mayoristas.lanasorquidea.cl\/?post_type=product&#038;p=41913"},"modified":"2026-04-22T17:40:07","modified_gmt":"2026-04-22T20:40:07","slug":"hilo-paraiso-1-kg","status":"publish","type":"product","link":"https:\/\/mayoristas.lanasorquidea.cl\/?product=hilo-paraiso-1-kg","title":{"rendered":"Hilo Para\u00edso 1 Kg (IVA incluido)"},"content":{"rendered":"<ul>\n<li>Antial\u00e9rgico<\/li>\n<li>Composici\u00f3n: 100% acr\u00edlico premium<\/li>\n<li>Numero de hebras: 2<\/li>\n<li>Gramaje: 100 gramos<\/li>\n<li>Metros en 100 gramos: 335 metros aproximadamente<\/li>\n<li>Grosor: 1 Super Fino (Fingering)<\/li>\n<li>WPI (vueltas por pulgadas): 19-22<\/li>\n<li>Palillo recomendado: 2.25 a 3.25<\/li>\n<li>Crochet recomendado: 2.25 a 3.25<\/li>\n<\/ul>\n","protected":false},"excerpt":{"rendered":"<p>Antial\u00e9rgico Composici\u00f3n: 100% acr\u00edlico premium Numero de hebras: 2 Gramaje: 100 gramos Metros en 100 gramos: 335 metros aproximadamente Grosor: 1 Super Fino (Fingering) WPI (vueltas por pulgadas): 19-22 Palillo recomendado: 2.25 a 3.25 Crochet recomendado: 2.25 a 3.25<\/p>\n","protected":false},"featured_media":41423,"template":"","meta":{"_acf_changed":false},"product_brand":[],"product_cat":[1700,65,69],"product_tag":[],"class_list":{"0":"post-41913","1":"product","2":"type-product","3":"status-publish","4":"has-post-thumbnail","6":"product_cat-black-friday","7":"product_cat-hilados-de-verano","8":"product_cat-linea-tradicional-lanas","9":"pa_paraiso-amarillo-6215","10":"pa_paraiso-azul-marino-216","11":"pa_paraiso-azul-rey-817","12":"pa_paraiso-azulino-22","13":"pa_paraiso-beige-229","14":"pa_paraiso-blanco-1102","15":"pa_paraiso-cafe-320","16":"pa_paraiso-calipso-279","17":"pa_paraiso-calipso-oscuro-6402","18":"pa_paraiso-camel-6210","19":"pa_paraiso-celeste-81","20":"pa_paraiso-coral-35","21":"pa_paraiso-esmeralda-554","22":"pa_paraiso-frambuesa-29","23":"pa_paraiso-gris-perla-8102","24":"pa_paraiso-lila-234","25":"pa_paraiso-mantequilla-1302","26":"pa_paraiso-melon-231","27":"pa_paraiso-melon-307","28":"pa_paraiso-menta-oscuro-308","29":"pa_paraiso-morado-712","30":"pa_paraiso-mostaza-831","31":"pa_paraiso-negro-2","32":"pa_paraiso-palo-rosa-289","33":"pa_paraiso-rojo-fuego-223","34":"pa_paraiso-rojo-italiano-3602","35":"pa_paraiso-rosado-225","36":"pa_paraiso-rosado-fuerte-730","37":"pa_paraiso-verde-agua-3","38":"pa_paraiso-verde-menta-318","39":"pa_paraiso-verde-navidad-209","40":"pa_paraiso-verde-pistacho-439","41":"pa_paraiso-vison-205","43":"first","44":"instock","45":"sale","46":"purchasable","47":"product-type-variable"},"acf":[],"_links":{"self":[{"href":"https:\/\/mayoristas.lanasorquidea.cl\/index.php?rest_route=\/wp\/v2\/product\/41913","targetHints":{"allow":["GET"]}}],"collection":[{"href":"https:\/\/mayoristas.lanasorquidea.cl\/index.php?rest_route=\/wp\/v2\/product"}],"about":[{"href":"https:\/\/mayoristas.lanasorquidea.cl\/index.php?rest_route=\/wp\/v2\/types\/product"}],"wp:featuredmedia":[{"embeddable":true,"href":"https:\/\/mayoristas.lanasorquidea.cl\/index.php?rest_route=\/wp\/v2\/media\/41423"}],"wp:attachment":[{"href":"https:\/\/mayoristas.lanasorquidea.cl\/index.php?rest_route=%2Fwp%2Fv2%2Fmedia&parent=41913"}],"wp:term":[{"taxonomy":"product_brand","embeddable":true,"href":"https:\/\/mayoristas.lanasorquidea.cl\/index.php?rest_route=%2Fwp%2Fv2%2Fproduct_brand&post=41913"},{"taxonomy":"product_cat","embeddable":true,"href":"https:\/\/mayoristas.lanasorquidea.cl\/index.php?rest_route=%2Fwp%2Fv2%2Fproduct_cat&post=41913"},{"taxonomy":"product_tag","embeddable":true,"href":"https:\/\/mayoristas.lanasorquidea.cl\/index.php?rest_route=%2Fwp%2Fv2%2Fproduct_tag&post=41913"}],"curies":[{"name":"wp","href":"https:\/\/api.w.org\/{rel}","templated":true}]}}