{"id":42019,"date":"2023-11-07T00:54:05","date_gmt":"2023-11-07T03:54:05","guid":{"rendered":"https:\/\/mayoristas.lanasorquidea.cl\/?post_type=product&#038;p=42019"},"modified":"2026-04-16T11:20:22","modified_gmt":"2026-04-16T14:20:22","slug":"chainy-cotton-cake-15-kg-6-unidades","status":"publish","type":"product","link":"https:\/\/mayoristas.lanasorquidea.cl\/?product=chainy-cotton-cake-15-kg-6-unidades","title":{"rendered":"Chainy Cotton Cake 1,5 Kg &#8211; 6 Unidades (IVA incluido)"},"content":{"rendered":"<ul>\n<li>Peso: 250 Grs<\/li>\n<li>Composici\u00f3n: 80% Cotton 20% Poli\u00e9ster<\/li>\n<li>Metros: 250 mts<\/li>\n<li>Superficie: 70cm x 70 cm<\/li>\n<li>Crochet: 2 mm a 4 mm<\/li>\n<li>Palillo: 2mm a 4 mm<\/li>\n<\/ul>\n<p>&nbsp;<\/p>\n","protected":false},"excerpt":{"rendered":"<p>Chainy Cotton Cake tiene una excelente transici\u00f3n de color y grosor ideal.<\/p>\n<p>Esta hecho 100% de fibra reciclada y es 100% amigable con el medio ambiente sin ning\u00fan proceso qu\u00edmico de te\u00f1ido.<br \/>\nLa caracter\u00edstica m\u00e1s importante de Chainy Cotton Cake es su perfecta degradaci\u00f3n del color.<\/p>\n<p>Puedes dise\u00f1ar lindos proyectos de decoraci\u00f3n como alfombras, fundas de coj\u00edn, caminos de mesa, mantas, carteras o bufandas.<\/p>\n","protected":false},"featured_media":41632,"template":"","meta":{"_acf_changed":false},"product_brand":[],"product_cat":[1570,1337,59],"product_tag":[],"class_list":{"0":"post-42019","1":"product","2":"type-product","3":"status-publish","4":"has-post-thumbnail","6":"product_cat-50-de-descuento","7":"product_cat-linea-retwisst-linea-retwisst","8":"product_cat-linea-retwisst","9":"pa_chainy-cotton-cake-1167","10":"pa_chainy-cotton-cake-1168","11":"pa_chainy-cotton-cake-1169","12":"pa_chainy-cotton-cake-1170","13":"pa_chainy-cotton-cake-1171","14":"pa_chainy-cotton-cake-1172","15":"pa_chainy-cotton-cake-1173","16":"pa_chainy-cotton-cake-1174","17":"pa_chainy-cotton-cake-1175","18":"pa_chainy-cotton-cake-1176","19":"pa_chainy-cotton-cake-1177","20":"pa_chainy-cotton-cake-1178","21":"pa_chainy-cotton-cake-1179","22":"pa_chainy-cotton-cake-1180","23":"pa_chainy-cotton-cake-1181","24":"pa_chainy-cotton-cake-1182","25":"pa_chainy-cotton-cake-1183","26":"pa_chainy-cotton-cake-1184","28":"first","29":"instock","30":"purchasable","31":"product-type-variable"},"acf":[],"_links":{"self":[{"href":"https:\/\/mayoristas.lanasorquidea.cl\/index.php?rest_route=\/wp\/v2\/product\/42019","targetHints":{"allow":["GET"]}}],"collection":[{"href":"https:\/\/mayoristas.lanasorquidea.cl\/index.php?rest_route=\/wp\/v2\/product"}],"about":[{"href":"https:\/\/mayoristas.lanasorquidea.cl\/index.php?rest_route=\/wp\/v2\/types\/product"}],"wp:featuredmedia":[{"embeddable":true,"href":"https:\/\/mayoristas.lanasorquidea.cl\/index.php?rest_route=\/wp\/v2\/media\/41632"}],"wp:attachment":[{"href":"https:\/\/mayoristas.lanasorquidea.cl\/index.php?rest_route=%2Fwp%2Fv2%2Fmedia&parent=42019"}],"wp:term":[{"taxonomy":"product_brand","embeddable":true,"href":"https:\/\/mayoristas.lanasorquidea.cl\/index.php?rest_route=%2Fwp%2Fv2%2Fproduct_brand&post=42019"},{"taxonomy":"product_cat","embeddable":true,"href":"https:\/\/mayoristas.lanasorquidea.cl\/index.php?rest_route=%2Fwp%2Fv2%2Fproduct_cat&post=42019"},{"taxonomy":"product_tag","embeddable":true,"href":"https:\/\/mayoristas.lanasorquidea.cl\/index.php?rest_route=%2Fwp%2Fv2%2Fproduct_tag&post=42019"}],"curies":[{"name":"wp","href":"https:\/\/api.w.org\/{rel}","templated":true}]}}