{"id":42651,"date":"2023-11-07T01:02:10","date_gmt":"2023-11-07T04:02:10","guid":{"rendered":"https:\/\/mayoristas.lanasorquidea.cl\/?post_type=product&#038;p=42651"},"modified":"2026-04-16T11:20:18","modified_gmt":"2026-04-16T14:20:18","slug":"algodon-gardenia-1-kg","status":"publish","type":"product","link":"https:\/\/mayoristas.lanasorquidea.cl\/?product=algodon-gardenia-1-kg","title":{"rendered":"Algod\u00f3n Gardenia 1 Kg (IVA incluido)"},"content":{"rendered":"<p>Algod\u00f3n Super Soft Estampado<\/p>\n<ul>\n<li>Antial\u00e9rgico<\/li>\n<li>Composici\u00f3n: 51% Algod\u00f3n 49% Acr\u00edlico<\/li>\n<li>Numero de hebras: 6<\/li>\n<li>Gramaje: 100 gramos<\/li>\n<li>Metros en 100 gramos: 300 metros aproximadamente<\/li>\n<li>Grosor: 2 Fino (Light DK)<\/li>\n<li>WPI (vueltas por pulgadas): 15-18<\/li>\n<li>Palillo recomendado: 3.25 a 3.75 mm<\/li>\n<li>Crochet recomendado: 3.25 a 3.75 mm<\/li>\n<\/ul>\n","protected":false},"excerpt":{"rendered":"<div id=\"station-tabs-tabpanel_ht-i1-t3\" class=\"station-tabs-tabpanel station-tabs-default-tabpanel is-active\" role=\"tabpanel\" aria-labelledby=\"station-tabs-tab_ht-i1-t3\" aria-hidden=\"false\">\n<div class=\"station-tabs-tabcontent\">\n<p>Esta es la mezcla perfecta entre algod\u00f3n y acr\u00edlico. Su composici\u00f3n lo hace suave y resistente por lo que tus tejidos te acompa\u00f1aran por muchos a\u00f1os. Prueba sus colores estampados te van a encantar. Sin duda un tremendo hilado para dar vida a tus proyectos y hacerlos m\u00e1s entretenidos e inigualables.<\/p>\n<\/div>\n<\/div>\n","protected":false},"featured_media":42706,"template":"","meta":{"_acf_changed":false},"product_brand":[],"product_cat":[68,1700,65],"product_tag":[],"class_list":{"0":"post-42651","1":"product","2":"type-product","3":"status-publish","4":"has-post-thumbnail","6":"product_cat-linea-algodon-lanas","7":"product_cat-black-friday","8":"product_cat-hilados-de-verano","9":"pa_algodon-gardenia-amarillo-6","10":"pa_algodon-gardenia-ambar-3","11":"pa_algodon-gardenia-arena-14","12":"pa_algodon-gardenia-azul-piedra-11","13":"pa_algodon-gardenia-beige-12","14":"pa_algodon-gardenia-cafe-7","15":"pa_algodon-gardenia-celeste-13","16":"pa_algodon-gardenia-ceniza-9","17":"pa_algodon-gardenia-menta-2","18":"pa_algodon-gardenia-palo-rosa-1","19":"pa_algodon-gardenia-rosado-10","20":"pa_algodon-gardenia-salmon-5","21":"pa_algodon-gardenia-turquesa-4","22":"pa_algodon-gardenia-verde-limon-8","24":"first","25":"instock","26":"sale","27":"purchasable","28":"product-type-variable"},"acf":[],"_links":{"self":[{"href":"https:\/\/mayoristas.lanasorquidea.cl\/index.php?rest_route=\/wp\/v2\/product\/42651","targetHints":{"allow":["GET"]}}],"collection":[{"href":"https:\/\/mayoristas.lanasorquidea.cl\/index.php?rest_route=\/wp\/v2\/product"}],"about":[{"href":"https:\/\/mayoristas.lanasorquidea.cl\/index.php?rest_route=\/wp\/v2\/types\/product"}],"wp:featuredmedia":[{"embeddable":true,"href":"https:\/\/mayoristas.lanasorquidea.cl\/index.php?rest_route=\/wp\/v2\/media\/42706"}],"wp:attachment":[{"href":"https:\/\/mayoristas.lanasorquidea.cl\/index.php?rest_route=%2Fwp%2Fv2%2Fmedia&parent=42651"}],"wp:term":[{"taxonomy":"product_brand","embeddable":true,"href":"https:\/\/mayoristas.lanasorquidea.cl\/index.php?rest_route=%2Fwp%2Fv2%2Fproduct_brand&post=42651"},{"taxonomy":"product_cat","embeddable":true,"href":"https:\/\/mayoristas.lanasorquidea.cl\/index.php?rest_route=%2Fwp%2Fv2%2Fproduct_cat&post=42651"},{"taxonomy":"product_tag","embeddable":true,"href":"https:\/\/mayoristas.lanasorquidea.cl\/index.php?rest_route=%2Fwp%2Fv2%2Fproduct_tag&post=42651"}],"curies":[{"name":"wp","href":"https:\/\/api.w.org\/{rel}","templated":true}]}}