{"id":42702,"date":"2023-11-07T01:02:57","date_gmt":"2023-11-07T04:02:57","guid":{"rendered":"https:\/\/mayoristas.lanasorquidea.cl\/?post_type=product&#038;p=42702"},"modified":"2026-04-09T15:08:57","modified_gmt":"2026-04-09T18:08:57","slug":"macrame-rope-198-kg-6-unidades","status":"publish","type":"product","link":"https:\/\/mayoristas.lanasorquidea.cl\/?product=macrame-rope-198-kg-6-unidades","title":{"rendered":"Macram\u00e9 Rope 1,98 Kg &#8211; 6 Unidades (IVA incluido)"},"content":{"rendered":"<ul>\n<li>Antial\u00e9rgico<\/li>\n<li>Composici\u00f3n: 100% Fibras Recicladas<\/li>\n<li>Gramaje: 330 gramos<\/li>\n<li>Metros en 330 gramos: 95 metros aproximadamente<\/li>\n<li>Grosor: 3 mm<\/li>\n<\/ul>\n","protected":false},"excerpt":{"rendered":"<p>Macram\u00e9 Rope es un tipo de cuerda de macram\u00e9 ligera y ligeramente el\u00e1stica que est\u00e1 hecha de fibras recicladas. Es ideal para dise\u00f1os como colgadores de pared, colgadores de plantas, hamacas, pulseras y para muchos otros proyectos de artesan\u00eda con macram\u00e9<\/p>\n<p>Viene un paquete de 6 unidades de 330 gr. cada madeja.<\/p>\n","protected":false},"featured_media":42770,"template":"","meta":{"_acf_changed":false},"product_brand":[],"product_cat":[1337,59],"product_tag":[],"class_list":{"0":"post-42702","1":"product","2":"type-product","3":"status-publish","4":"has-post-thumbnail","6":"product_cat-linea-retwisst-linea-retwisst","7":"product_cat-linea-retwisst","8":"pa_macrame-rope-beige-08","9":"pa_macrame-rope-blanco-01","10":"pa_macrame-rope-cafe-09","11":"pa_macrame-rope-celeste-13","12":"pa_macrame-rope-crudo-07","13":"pa_macrame-rope-gris-06","14":"pa_macrame-rope-mostaza-25","15":"pa_macrame-rope-negro-02","16":"pa_macrame-rope-rosado-27","17":"pa_macrame-rope-verde-16","19":"first","20":"instock","21":"sale","22":"purchasable","23":"product-type-variable"},"acf":[],"_links":{"self":[{"href":"https:\/\/mayoristas.lanasorquidea.cl\/index.php?rest_route=\/wp\/v2\/product\/42702","targetHints":{"allow":["GET"]}}],"collection":[{"href":"https:\/\/mayoristas.lanasorquidea.cl\/index.php?rest_route=\/wp\/v2\/product"}],"about":[{"href":"https:\/\/mayoristas.lanasorquidea.cl\/index.php?rest_route=\/wp\/v2\/types\/product"}],"wp:featuredmedia":[{"embeddable":true,"href":"https:\/\/mayoristas.lanasorquidea.cl\/index.php?rest_route=\/wp\/v2\/media\/42770"}],"wp:attachment":[{"href":"https:\/\/mayoristas.lanasorquidea.cl\/index.php?rest_route=%2Fwp%2Fv2%2Fmedia&parent=42702"}],"wp:term":[{"taxonomy":"product_brand","embeddable":true,"href":"https:\/\/mayoristas.lanasorquidea.cl\/index.php?rest_route=%2Fwp%2Fv2%2Fproduct_brand&post=42702"},{"taxonomy":"product_cat","embeddable":true,"href":"https:\/\/mayoristas.lanasorquidea.cl\/index.php?rest_route=%2Fwp%2Fv2%2Fproduct_cat&post=42702"},{"taxonomy":"product_tag","embeddable":true,"href":"https:\/\/mayoristas.lanasorquidea.cl\/index.php?rest_route=%2Fwp%2Fv2%2Fproduct_tag&post=42702"}],"curies":[{"name":"wp","href":"https:\/\/api.w.org\/{rel}","templated":true}]}}