{"id":42736,"date":"2023-11-07T01:03:20","date_gmt":"2023-11-07T04:03:20","guid":{"rendered":"https:\/\/mayoristas.lanasorquidea.cl\/?post_type=product&#038;p=42736"},"modified":"2025-12-15T17:36:00","modified_gmt":"2025-12-15T20:36:00","slug":"braid-rainbow-125-kg-5-unidades","status":"publish","type":"product","link":"https:\/\/mayoristas.lanasorquidea.cl\/?product=braid-rainbow-125-kg-5-unidades","title":{"rendered":"Braid Rainbow 1,25 Kg &#8211; 5 Unidades (IVA incluido)"},"content":{"rendered":"","protected":false},"excerpt":{"rendered":"<p>Braid Rainbow tiene una excelente transici\u00f3n de color y un grosor ideal. Contiene fibras 100% recicladas y es hilo 100% ecol\u00f3gico sin ning\u00fan proceso de te\u00f1ido qu\u00edmico. La caracter\u00edstica m\u00e1s importante de nuestro Braid Rainbow es su gradiente de color perfecto.<\/p>\n<p>Es ideal para muchos proyectos de ganchillo y tejido como alfombras, fundas de almohadas, corredores art\u00edculos de bisuter\u00eda, bolsos, bufandas, mantas y m\u00e1s. Las posibilidades son infinitas dependiendo de tu imaginaci\u00f3n y creatividad.<\/p>\n","protected":false},"featured_media":42779,"template":"","meta":{"_acf_changed":false},"product_brand":[],"product_cat":[1570,1337,59],"product_tag":[],"class_list":{"0":"post-42736","1":"product","2":"type-product","3":"status-publish","4":"has-post-thumbnail","6":"product_cat-50-de-descuento","7":"product_cat-linea-retwisst-linea-retwisst","8":"product_cat-linea-retwisst","9":"pa_braid-rainbow-nr-01","10":"pa_braid-rainbow-nr-02","11":"pa_braid-rainbow-nr-03","12":"pa_braid-rainbow-nr-04","13":"pa_braid-rainbow-nr-06","14":"pa_braid-rainbow-nr-07","15":"pa_braid-rainbow-nr-08","16":"pa_braid-rainbow-nr-09","17":"pa_braid-rainbow-nr-10","18":"pa_braid-rainbow-nr-11","19":"pa_braid-rainbow-nr-12","21":"first","22":"instock","23":"sale","24":"purchasable","25":"product-type-variable"},"acf":[],"_links":{"self":[{"href":"https:\/\/mayoristas.lanasorquidea.cl\/index.php?rest_route=\/wp\/v2\/product\/42736","targetHints":{"allow":["GET"]}}],"collection":[{"href":"https:\/\/mayoristas.lanasorquidea.cl\/index.php?rest_route=\/wp\/v2\/product"}],"about":[{"href":"https:\/\/mayoristas.lanasorquidea.cl\/index.php?rest_route=\/wp\/v2\/types\/product"}],"wp:featuredmedia":[{"embeddable":true,"href":"https:\/\/mayoristas.lanasorquidea.cl\/index.php?rest_route=\/wp\/v2\/media\/42779"}],"wp:attachment":[{"href":"https:\/\/mayoristas.lanasorquidea.cl\/index.php?rest_route=%2Fwp%2Fv2%2Fmedia&parent=42736"}],"wp:term":[{"taxonomy":"product_brand","embeddable":true,"href":"https:\/\/mayoristas.lanasorquidea.cl\/index.php?rest_route=%2Fwp%2Fv2%2Fproduct_brand&post=42736"},{"taxonomy":"product_cat","embeddable":true,"href":"https:\/\/mayoristas.lanasorquidea.cl\/index.php?rest_route=%2Fwp%2Fv2%2Fproduct_cat&post=42736"},{"taxonomy":"product_tag","embeddable":true,"href":"https:\/\/mayoristas.lanasorquidea.cl\/index.php?rest_route=%2Fwp%2Fv2%2Fproduct_tag&post=42736"}],"curies":[{"name":"wp","href":"https:\/\/api.w.org\/{rel}","templated":true}]}}