{"id":42795,"date":"2023-11-07T01:04:09","date_gmt":"2023-11-07T04:04:09","guid":{"rendered":"https:\/\/mayoristas.lanasorquidea.cl\/?post_type=product&#038;p=42795"},"modified":"2026-04-16T11:20:28","modified_gmt":"2026-04-16T14:20:28","slug":"cala-1-kg","status":"publish","type":"product","link":"https:\/\/mayoristas.lanasorquidea.cl\/?product=cala-1-kg","title":{"rendered":"Cala 1 Kg (IVA incluido)"},"content":{"rendered":"<ul>\n<li>Antial\u00e9rgico<\/li>\n<li>Composici\u00f3n: 25% Lana &#8211; 75% Acr\u00edlico Premium<\/li>\n<li>Gramaje: 100 Grs<\/li>\n<li>Hebras: 4<\/li>\n<li>Grosor: DK (3 ligero)<\/li>\n<li>Metros en 100 gramos: 260 metros aproximadamente<\/li>\n<li>Palillo recomendado: 4 a 4.5 mm<\/li>\n<li>Crochet recomendado: 2 a 2.5 mm<\/li>\n<\/ul>\n","protected":false},"excerpt":{"rendered":"<p>Cala es un hilado premium, pensado en hacer prendas de vestir de calidad y durabilidad. Es anti peeling y super soft. Podr\u00edas estar abrigada en invierno sin que te pique el chaleco y le salgan motas. Suave y f\u00e1cil de tejer por su grosor DK, ser\u00e1 tu aliado este invierno.<\/p>\n","protected":false},"featured_media":42838,"template":"","meta":{"_acf_changed":false},"product_brand":[],"product_cat":[1647,72],"product_tag":[],"class_list":{"0":"post-42795","1":"product","2":"type-product","3":"status-publish","4":"has-post-thumbnail","6":"product_cat-cyber-orquidea-2","7":"product_cat-linea-premium-lanas","8":"pa_cala-azul-jeans-14","9":"pa_cala-beige-2","10":"pa_cala-blanco-invierno-15","11":"pa_cala-caramelo-7","12":"pa_cala-celeste-9","13":"pa_cala-crudo-1","14":"pa_cala-gris-melange-11","15":"pa_cala-lila-5","16":"pa_cala-malva-16","17":"pa_cala-marengo-melange-12","18":"pa_cala-mostaza-6","19":"pa_cala-negro-13","20":"pa_cala-palo-rosa-4","21":"pa_cala-perla-melange-10","22":"pa_cala-rojo-italiano-17","23":"pa_cala-verde-menta-8","24":"pa_cala-verde-petroleo-18","25":"pa_cala-vison-3","27":"first","28":"instock","29":"purchasable","30":"product-type-variable"},"acf":[],"_links":{"self":[{"href":"https:\/\/mayoristas.lanasorquidea.cl\/index.php?rest_route=\/wp\/v2\/product\/42795","targetHints":{"allow":["GET"]}}],"collection":[{"href":"https:\/\/mayoristas.lanasorquidea.cl\/index.php?rest_route=\/wp\/v2\/product"}],"about":[{"href":"https:\/\/mayoristas.lanasorquidea.cl\/index.php?rest_route=\/wp\/v2\/types\/product"}],"wp:featuredmedia":[{"embeddable":true,"href":"https:\/\/mayoristas.lanasorquidea.cl\/index.php?rest_route=\/wp\/v2\/media\/42838"}],"wp:attachment":[{"href":"https:\/\/mayoristas.lanasorquidea.cl\/index.php?rest_route=%2Fwp%2Fv2%2Fmedia&parent=42795"}],"wp:term":[{"taxonomy":"product_brand","embeddable":true,"href":"https:\/\/mayoristas.lanasorquidea.cl\/index.php?rest_route=%2Fwp%2Fv2%2Fproduct_brand&post=42795"},{"taxonomy":"product_cat","embeddable":true,"href":"https:\/\/mayoristas.lanasorquidea.cl\/index.php?rest_route=%2Fwp%2Fv2%2Fproduct_cat&post=42795"},{"taxonomy":"product_tag","embeddable":true,"href":"https:\/\/mayoristas.lanasorquidea.cl\/index.php?rest_route=%2Fwp%2Fv2%2Fproduct_tag&post=42795"}],"curies":[{"name":"wp","href":"https:\/\/api.w.org\/{rel}","templated":true}]}}