{"id":42921,"date":"2023-11-07T01:06:04","date_gmt":"2023-11-07T04:06:04","guid":{"rendered":"https:\/\/mayoristas.lanasorquidea.cl\/?post_type=product&#038;p=42921"},"modified":"2026-04-16T11:20:17","modified_gmt":"2026-04-16T14:20:17","slug":"algodon-xl-1-kg","status":"publish","type":"product","link":"https:\/\/mayoristas.lanasorquidea.cl\/?product=algodon-xl-1-kg","title":{"rendered":"Algod\u00f3n XL 1 Kg (IVA incluido)"},"content":{"rendered":"<ul>\n<li>Antial\u00e9rgico<\/li>\n<li>Composici\u00f3n: 50% Algod\u00f3n &#8211; 50% Acr\u00edlico<\/li>\n<li>Numero de hebras: 16<\/li>\n<li>Gramaje: 100 gramos<\/li>\n<li>Metros en 100 gramos: 125 metros aproximadamente<\/li>\n<li>Grosor: 4 Medio (Aran)<\/li>\n<li>WPI (vueltas por pulgadas): 9 &#8211; 11<\/li>\n<li>Palillo recomendado: 4.5 a 5.5 mm<\/li>\n<li>Crochet recomendado: 4.5 a 5.5 mm<\/li>\n<\/ul>\n","protected":false},"excerpt":{"rendered":"<p>Te vas a enamorar de este hilado. \u00a1Es lo que estabas esperando! Grosor ideal, Extra suave, colores pasteles maravillosos. \u00a1No se puede pedir m\u00e1s! Y con una mezcla perfecta de algod\u00f3n y acr\u00edlico que genera un efecto melange en el hilado. Puedes crear pr\u00e1cticamente cualquier proyecto ya que es antial\u00e9rgico y super soft. Son 25 colores para que puedas elegir el que m\u00e1s te guste.<\/p>\n","protected":false},"featured_media":42966,"template":"","meta":{"_acf_changed":false},"product_brand":[],"product_cat":[68,74],"product_tag":[],"class_list":{"0":"post-42921","1":"product","2":"type-product","3":"status-publish","4":"has-post-thumbnail","6":"product_cat-linea-algodon-lanas","7":"product_cat-algodon-xl-linea-algodon-lanas","8":"pa_algodon-xl-azul-jeans-14","9":"pa_algodon-xl-azul-petroleo-13","10":"pa_algodon-xl-beige-20","11":"pa_algodon-xl-blanco-1","12":"pa_algodon-xl-cafe-claro-22","13":"pa_algodon-xl-camel-25","14":"pa_algodon-xl-celeste-15","15":"pa_algodon-xl-crudo-2","16":"pa_algodon-xl-fucsia-29","17":"pa_algodon-xl-gris-melange-21","18":"pa_algodon-xl-gris-perla-17","19":"pa_algodon-xl-lila-7","20":"pa_algodon-xl-malva-5","21":"pa_algodon-xl-malva-oscuro-24","22":"pa_algodon-xl-mostaza-10","23":"pa_algodon-xl-mostaza-claro-23","24":"pa_algodon-xl-negro-26","25":"pa_algodon-xl-nude-3","26":"pa_algodon-xl-palo-rosa-4","27":"pa_algodon-xl-pastel-30","28":"pa_algodon-xl-rojo-8","29":"pa_algodon-xl-rojo-italiano-27","30":"pa_algodon-xl-rosa-viejo-19","31":"pa_algodon-xl-rosado-6","32":"pa_algodon-xl-terracota-9","33":"pa_algodon-xl-turquesa-16","34":"pa_algodon-xl-verde-menta-11","35":"pa_algodon-xl-verde-menta-oscuro-12","36":"pa_algodon-xl-verde-navidad-28","37":"pa_algodon-xl-vison-18","39":"first","40":"instock","41":"purchasable","42":"product-type-variable","43":"has-default-attributes"},"acf":[],"_links":{"self":[{"href":"https:\/\/mayoristas.lanasorquidea.cl\/index.php?rest_route=\/wp\/v2\/product\/42921","targetHints":{"allow":["GET"]}}],"collection":[{"href":"https:\/\/mayoristas.lanasorquidea.cl\/index.php?rest_route=\/wp\/v2\/product"}],"about":[{"href":"https:\/\/mayoristas.lanasorquidea.cl\/index.php?rest_route=\/wp\/v2\/types\/product"}],"wp:featuredmedia":[{"embeddable":true,"href":"https:\/\/mayoristas.lanasorquidea.cl\/index.php?rest_route=\/wp\/v2\/media\/42966"}],"wp:attachment":[{"href":"https:\/\/mayoristas.lanasorquidea.cl\/index.php?rest_route=%2Fwp%2Fv2%2Fmedia&parent=42921"}],"wp:term":[{"taxonomy":"product_brand","embeddable":true,"href":"https:\/\/mayoristas.lanasorquidea.cl\/index.php?rest_route=%2Fwp%2Fv2%2Fproduct_brand&post=42921"},{"taxonomy":"product_cat","embeddable":true,"href":"https:\/\/mayoristas.lanasorquidea.cl\/index.php?rest_route=%2Fwp%2Fv2%2Fproduct_cat&post=42921"},{"taxonomy":"product_tag","embeddable":true,"href":"https:\/\/mayoristas.lanasorquidea.cl\/index.php?rest_route=%2Fwp%2Fv2%2Fproduct_tag&post=42921"}],"curies":[{"name":"wp","href":"https:\/\/api.w.org\/{rel}","templated":true}]}}