{"id":46542,"date":"2023-12-20T13:20:58","date_gmt":"2023-12-20T16:20:58","guid":{"rendered":"https:\/\/mayoristas.lanasorquidea.cl\/?post_type=product&#038;p=46542"},"modified":"2026-01-21T17:07:13","modified_gmt":"2026-01-21T20:07:13","slug":"macrame-string-33-kg","status":"publish","type":"product","link":"https:\/\/mayoristas.lanasorquidea.cl\/?product=macrame-string-33-kg","title":{"rendered":"Macram\u00e9 String 3,3 Kg &#8211; 10 Unidades (IVA incluido)"},"content":{"rendered":"<ul>\n<li>Peso: 330 grs<\/li>\n<li>Composici\u00f3n: 70% Algod\u00f3n, 25% Poli\u00e9ster, 5% Otras Fibras Recicladas.<\/li>\n<li>Metros: 95 metros.<\/li>\n<li>Grosor: 3 mm<\/li>\n<li>Crochet: 8 mm a 10 mm<\/li>\n<li>Palillo: 8 mm a 10 mm<\/li>\n<\/ul>\n","protected":false},"excerpt":{"rendered":"<p>Macram\u00e9 String es un cord\u00f3n de macram\u00e9 de una sola hebra y se caracteriza por su suavidad. Con su caracter\u00edstica f\u00e1cil de peinar, puedes crear varios proyectos.<\/p>\n<p>Debido a su naturaleza f\u00e1cil de peinar, podr\u00e1s completar tus proyectos de manera m\u00e1s eficiente y en menos tiempo.<\/p>\n<p>Viene un paquete de 10 unidades de 330 gr. cada bobina.<\/p>\n<p>Grosor: 3 mm<\/p>\n<p>&nbsp;<\/p>\n","protected":false},"featured_media":46557,"template":"","meta":{"_acf_changed":false},"product_brand":[],"product_cat":[1337,59],"product_tag":[],"class_list":{"0":"post-46542","1":"product","2":"type-product","3":"status-publish","4":"has-post-thumbnail","6":"product_cat-linea-retwisst-linea-retwisst","7":"product_cat-linea-retwisst","8":"pa_macrame-string-beige-08","9":"pa_macrame-string-blanco-01","10":"pa_macrame-string-crudo-00","11":"pa_macrame-string-mostaza-25","12":"pa_macrame-string-negro-02","13":"pa_macrame-string-rosado-27","14":"pa_macrame-string-taupe-09","15":"pa_macrame-string-verde-menta-13","16":"pa_macrame-string-verde-musgo-16","18":"first","19":"outofstock","20":"sale","21":"purchasable","22":"product-type-variable"},"acf":[],"_links":{"self":[{"href":"https:\/\/mayoristas.lanasorquidea.cl\/index.php?rest_route=\/wp\/v2\/product\/46542","targetHints":{"allow":["GET"]}}],"collection":[{"href":"https:\/\/mayoristas.lanasorquidea.cl\/index.php?rest_route=\/wp\/v2\/product"}],"about":[{"href":"https:\/\/mayoristas.lanasorquidea.cl\/index.php?rest_route=\/wp\/v2\/types\/product"}],"wp:featuredmedia":[{"embeddable":true,"href":"https:\/\/mayoristas.lanasorquidea.cl\/index.php?rest_route=\/wp\/v2\/media\/46557"}],"wp:attachment":[{"href":"https:\/\/mayoristas.lanasorquidea.cl\/index.php?rest_route=%2Fwp%2Fv2%2Fmedia&parent=46542"}],"wp:term":[{"taxonomy":"product_brand","embeddable":true,"href":"https:\/\/mayoristas.lanasorquidea.cl\/index.php?rest_route=%2Fwp%2Fv2%2Fproduct_brand&post=46542"},{"taxonomy":"product_cat","embeddable":true,"href":"https:\/\/mayoristas.lanasorquidea.cl\/index.php?rest_route=%2Fwp%2Fv2%2Fproduct_cat&post=46542"},{"taxonomy":"product_tag","embeddable":true,"href":"https:\/\/mayoristas.lanasorquidea.cl\/index.php?rest_route=%2Fwp%2Fv2%2Fproduct_tag&post=46542"}],"curies":[{"name":"wp","href":"https:\/\/api.w.org\/{rel}","templated":true}]}}