{"id":46755,"date":"2023-12-28T11:39:50","date_gmt":"2023-12-28T14:39:50","guid":{"rendered":"https:\/\/mayoristas.lanasorquidea.cl\/?post_type=product&#038;p=46755"},"modified":"2026-04-16T11:20:07","modified_gmt":"2026-04-16T14:20:07","slug":"jasmin-1-kg","status":"publish","type":"product","link":"https:\/\/mayoristas.lanasorquidea.cl\/?product=jasmin-1-kg","title":{"rendered":"Jasm\u00edn 1 Kg (IVA incluido)"},"content":{"rendered":"<ul>\n<li>Antial\u00e9rgico<\/li>\n<li>Composici\u00f3n: 100% Acr\u00edlico<\/li>\n<li>Numero de hebras: 4<\/li>\n<li>Gramaje: 100 gramos<\/li>\n<li>Metros en 100 gramos: 175 metros aproximadamente.<\/li>\n<li>Grosor: Worsted, Aran, Categor\u00eda 4, Medio<\/li>\n<li>WPI (vueltas por pulgadas): 9 \u2013 11<\/li>\n<li>Palillo recomendado: 4.5 a 6.5 mm<\/li>\n<li>Crochet recomendado: 4.5 a 5.5 mm<\/li>\n<\/ul>\n","protected":false},"excerpt":{"rendered":"<p>Jasm\u00edn es un hilado hecho de 100% Acr\u00edlico Premium: sedificado, anti pilling y antial\u00e9rgico. \u00a1No se puede pedir m\u00e1s! Es un hilado vers\u00e1til, muy f\u00e1cil de tejer y podr\u00e1s usarlo para lo que quieras porque tiene un grosor perfecto para palillo\/crochet de 5mm. Tus tejidos ser\u00e1n eternos (con el cuidado adecuado) y tendr\u00e1n ese efecto supersoft. Encu\u00e9ntralo en 25 hermosos colores.<\/p>\n","protected":false},"featured_media":39670,"template":"","meta":{"_acf_changed":false},"product_brand":[],"product_cat":[1700,48,69],"product_tag":[],"class_list":{"0":"post-46755","1":"product","2":"type-product","3":"status-publish","4":"has-post-thumbnail","6":"product_cat-black-friday","7":"product_cat-linea-tradicional","8":"product_cat-linea-tradicional-lanas","9":"pa_jasmin-amarillo-13","10":"pa_jasmin-arandano-21","11":"pa_jasmin-arena-05","12":"pa_jasmin-azul-jeans-22","13":"pa_jasmin-azul-petroleo-23","14":"pa_jasmin-blanco-14","15":"pa_jasmin-cafe-08","16":"pa_jasmin-camel-06","17":"pa_jasmin-celeste-24","18":"pa_jasmin-crudo-15","19":"pa_jasmin-gasa-rosa-17","20":"pa_jasmin-gris-melange-03","21":"pa_jasmin-lila-20","22":"pa_jasmin-malva-19","23":"pa_jasmin-marengo-melange-02","24":"pa_jasmin-naranjo-11","25":"pa_jasmin-negro-01","26":"pa_jasmin-palo-rosa-18","27":"pa_jasmin-perla-melange-04","28":"pa_jasmin-rojo-italiano-09","29":"pa_jasmin-taupe-07","30":"pa_jasmin-terracota-10","31":"pa_jasmin-verde-menta-25","32":"pa_jasmin-verde-palta-29","33":"pa_jasmin-verde-pistacho-26","35":"first","36":"instock","37":"sale","38":"purchasable","39":"product-type-variable"},"acf":[],"_links":{"self":[{"href":"https:\/\/mayoristas.lanasorquidea.cl\/index.php?rest_route=\/wp\/v2\/product\/46755","targetHints":{"allow":["GET"]}}],"collection":[{"href":"https:\/\/mayoristas.lanasorquidea.cl\/index.php?rest_route=\/wp\/v2\/product"}],"about":[{"href":"https:\/\/mayoristas.lanasorquidea.cl\/index.php?rest_route=\/wp\/v2\/types\/product"}],"wp:featuredmedia":[{"embeddable":true,"href":"https:\/\/mayoristas.lanasorquidea.cl\/index.php?rest_route=\/wp\/v2\/media\/39670"}],"wp:attachment":[{"href":"https:\/\/mayoristas.lanasorquidea.cl\/index.php?rest_route=%2Fwp%2Fv2%2Fmedia&parent=46755"}],"wp:term":[{"taxonomy":"product_brand","embeddable":true,"href":"https:\/\/mayoristas.lanasorquidea.cl\/index.php?rest_route=%2Fwp%2Fv2%2Fproduct_brand&post=46755"},{"taxonomy":"product_cat","embeddable":true,"href":"https:\/\/mayoristas.lanasorquidea.cl\/index.php?rest_route=%2Fwp%2Fv2%2Fproduct_cat&post=46755"},{"taxonomy":"product_tag","embeddable":true,"href":"https:\/\/mayoristas.lanasorquidea.cl\/index.php?rest_route=%2Fwp%2Fv2%2Fproduct_tag&post=46755"}],"curies":[{"name":"wp","href":"https:\/\/api.w.org\/{rel}","templated":true}]}}