{"id":46793,"date":"2023-12-28T12:32:41","date_gmt":"2023-12-28T15:32:41","guid":{"rendered":"https:\/\/mayoristas.lanasorquidea.cl\/?post_type=product&#038;p=46793"},"modified":"2026-04-16T11:21:01","modified_gmt":"2026-04-16T14:21:01","slug":"angora-lux-1-kg","status":"publish","type":"product","link":"https:\/\/mayoristas.lanasorquidea.cl\/?product=angora-lux-1-kg","title":{"rendered":"Angora Lux 1 Kg (IVA incluido)"},"content":{"rendered":"<ul>\n<li>Antial\u00e9rgico<\/li>\n<li>Composici\u00f3n: 75% acr\u00edlico premium, 20% lana y 5% poli\u00e9ster<\/li>\n<li>Numero de hebras: 3<\/li>\n<li>Gramaje: 100 gramos.<\/li>\n<li>Metros en 100 gramos: 500 metros aproximadamente<\/li>\n<li>Grosor: 1 Super Fino (Fingering)<\/li>\n<li>Palillo recomendado: 2,5 a 6 mm<\/li>\n<li>Crochet recomendado: 2,5 a 5 mm<\/li>\n<\/ul>\n","protected":false},"excerpt":{"rendered":"<p>Angora Lux es un hilado premium ideal para prendas livianas como sweaters, chales y tapados. Su composici\u00f3n es de 75% acr\u00edlico premium, 20% Lana y 5% poli\u00e9ster. La combinaci\u00f3n perfecta para darle un toque de brillo y esponjosidad a tu tejido.<\/p>\n<p>Es un hilado c\u00f3modo de tejer a crochet y palillos, adem\u00e1s de ser muy rendidor.\u00a0Es un hilado\u00a0liviano, vaporoso, y elegante. Con toques de brillo delicados para que tus prendas queden perfectas para una ocasi\u00f3n especial. Encu\u00e9ntralo en sus 8 hermosos colores.<\/p>\n","protected":false},"featured_media":46808,"template":"","meta":{"_acf_changed":false},"product_brand":[],"product_cat":[1700,50,72],"product_tag":[],"class_list":{"0":"post-46793","1":"product","2":"type-product","3":"status-publish","4":"has-post-thumbnail","6":"product_cat-black-friday","7":"product_cat-linea-premium","8":"product_cat-linea-premium-lanas","9":"pa_angora-lux-beige-855","10":"pa_angora-lux-blanco-013","11":"pa_angora-lux-camel-837","12":"pa_angora-lux-crudo-025","13":"pa_angora-lux-lila-746","14":"pa_angora-lux-negro-10","15":"pa_angora-lux-nude-11","16":"pa_angora-lux-palo-rosa-778","17":"pa_angora-lux-rosa-viejo-758","18":"pa_angora-lux-terracota-9","19":"pa_angora-lux-verde-menta-427","21":"first","22":"instock","23":"sale","24":"purchasable","25":"product-type-variable"},"acf":[],"_links":{"self":[{"href":"https:\/\/mayoristas.lanasorquidea.cl\/index.php?rest_route=\/wp\/v2\/product\/46793","targetHints":{"allow":["GET"]}}],"collection":[{"href":"https:\/\/mayoristas.lanasorquidea.cl\/index.php?rest_route=\/wp\/v2\/product"}],"about":[{"href":"https:\/\/mayoristas.lanasorquidea.cl\/index.php?rest_route=\/wp\/v2\/types\/product"}],"wp:featuredmedia":[{"embeddable":true,"href":"https:\/\/mayoristas.lanasorquidea.cl\/index.php?rest_route=\/wp\/v2\/media\/46808"}],"wp:attachment":[{"href":"https:\/\/mayoristas.lanasorquidea.cl\/index.php?rest_route=%2Fwp%2Fv2%2Fmedia&parent=46793"}],"wp:term":[{"taxonomy":"product_brand","embeddable":true,"href":"https:\/\/mayoristas.lanasorquidea.cl\/index.php?rest_route=%2Fwp%2Fv2%2Fproduct_brand&post=46793"},{"taxonomy":"product_cat","embeddable":true,"href":"https:\/\/mayoristas.lanasorquidea.cl\/index.php?rest_route=%2Fwp%2Fv2%2Fproduct_cat&post=46793"},{"taxonomy":"product_tag","embeddable":true,"href":"https:\/\/mayoristas.lanasorquidea.cl\/index.php?rest_route=%2Fwp%2Fv2%2Fproduct_tag&post=46793"}],"curies":[{"name":"wp","href":"https:\/\/api.w.org\/{rel}","templated":true}]}}