{"id":46817,"date":"2023-12-28T12:47:27","date_gmt":"2023-12-28T15:47:27","guid":{"rendered":"https:\/\/mayoristas.lanasorquidea.cl\/?post_type=product&#038;p=46817"},"modified":"2026-04-16T11:20:47","modified_gmt":"2026-04-16T14:20:47","slug":"baby-alpaca-1-kg","status":"publish","type":"product","link":"https:\/\/mayoristas.lanasorquidea.cl\/?product=baby-alpaca-1-kg","title":{"rendered":"Baby Alpaca 1 Kg (IVA incluido)"},"content":{"rendered":"<ul>\n<li>Antial\u00e9rgico<\/li>\n<li>Composici\u00f3n: 50% Baby Alpaca y 50% Acr\u00edlico Premium<\/li>\n<li>N\u00famero de hebras: 4 hebras<\/li>\n<li>Gramaje: 100 gramos<\/li>\n<li>Metros en 100 gramos: 270 metros aproximadamente<\/li>\n<li>Grosor: 3 (DK)<\/li>\n<li>WPI (vueltas por pulgadas): 12-14<\/li>\n<li>Palillo recomendado: 3.75 a 4.5 mm<\/li>\n<li>Crochet recomendado: 3.75 a 4.5 mm<\/li>\n<\/ul>\n","protected":false},"excerpt":{"rendered":"<p>Nada mejor que tejer con alpaca para hacer chalecos suaves y abrigados. Por esto, hemos desarrollado nuestra colecci\u00f3n Baby Alpaca . Es una lana tan suave, calentita y rendidora que va la vas a amar.<br \/>\nSon 12 colores especialmente te\u00f1idos por nosotros para tu nuevo proyecto. \u00dasalos solos o comb\u00ednalos como quieras.<\/p>\n","protected":false},"featured_media":39763,"template":"","meta":{"_acf_changed":false},"product_brand":[],"product_cat":[50,72],"product_tag":[],"class_list":{"0":"post-46817","1":"product","2":"type-product","3":"status-publish","4":"has-post-thumbnail","6":"product_cat-linea-premium","7":"product_cat-linea-premium-lanas","8":"pa_baby-alpaca-azul-jeans-8","9":"pa_baby-alpaca-azul-marino-13","10":"pa_baby-alpaca-beige-6","11":"pa_baby-alpaca-beige-nuevo-23","12":"pa_baby-alpaca-camel-4","13":"pa_baby-alpaca-crudo-1","14":"pa_baby-alpaca-gris-perla-3","15":"pa_baby-alpaca-marengo-10","16":"pa_baby-alpaca-menta-oscuro-25","17":"pa_baby-alpaca-mostaza-claro-2","18":"pa_baby-alpaca-rojo-italiano-12","19":"pa_baby-alpaca-rosado-nuevo-15","20":"pa_baby-alpaca-rosado-viejo-7","21":"pa_baby-alpaca-turquesa-5","22":"pa_baby-alpaca-verde-manzana-26","23":"pa_baby-alpaca-verde-menta-9","25":"first","26":"instock","27":"purchasable","28":"product-type-variable"},"acf":[],"_links":{"self":[{"href":"https:\/\/mayoristas.lanasorquidea.cl\/index.php?rest_route=\/wp\/v2\/product\/46817","targetHints":{"allow":["GET"]}}],"collection":[{"href":"https:\/\/mayoristas.lanasorquidea.cl\/index.php?rest_route=\/wp\/v2\/product"}],"about":[{"href":"https:\/\/mayoristas.lanasorquidea.cl\/index.php?rest_route=\/wp\/v2\/types\/product"}],"wp:featuredmedia":[{"embeddable":true,"href":"https:\/\/mayoristas.lanasorquidea.cl\/index.php?rest_route=\/wp\/v2\/media\/39763"}],"wp:attachment":[{"href":"https:\/\/mayoristas.lanasorquidea.cl\/index.php?rest_route=%2Fwp%2Fv2%2Fmedia&parent=46817"}],"wp:term":[{"taxonomy":"product_brand","embeddable":true,"href":"https:\/\/mayoristas.lanasorquidea.cl\/index.php?rest_route=%2Fwp%2Fv2%2Fproduct_brand&post=46817"},{"taxonomy":"product_cat","embeddable":true,"href":"https:\/\/mayoristas.lanasorquidea.cl\/index.php?rest_route=%2Fwp%2Fv2%2Fproduct_cat&post=46817"},{"taxonomy":"product_tag","embeddable":true,"href":"https:\/\/mayoristas.lanasorquidea.cl\/index.php?rest_route=%2Fwp%2Fv2%2Fproduct_tag&post=46817"}],"curies":[{"name":"wp","href":"https:\/\/api.w.org\/{rel}","templated":true}]}}