{"id":46831,"date":"2023-12-28T12:59:45","date_gmt":"2023-12-28T15:59:45","guid":{"rendered":"https:\/\/mayoristas.lanasorquidea.cl\/?post_type=product&#038;p=46831"},"modified":"2026-04-16T11:20:42","modified_gmt":"2026-04-16T14:20:42","slug":"mohair-1-kg","status":"publish","type":"product","link":"https:\/\/mayoristas.lanasorquidea.cl\/?product=mohair-1-kg","title":{"rendered":"Mohair 1 Kg (IVA incluido)"},"content":{"rendered":"<ul>\n<li>Antial\u00e9rgico<\/li>\n<li>Composici\u00f3n: 10% Lana, 5% Mohair, 85% Acr\u00edlico<\/li>\n<li>Gramaje: 100 gramos<\/li>\n<li>N\u00famero de hebras: 2<\/li>\n<li>Grosor: 1 Super Fino<\/li>\n<li>Metros en 100 gramos: 542 metros aproximadamente<\/li>\n<li>Palillo recomendado: 2.25 a 3.25<\/li>\n<li>Crochet recomendado: 2.25 a 3.2<\/li>\n<\/ul>\n","protected":false},"excerpt":{"rendered":"<p>Este hilado maravilloso se une a nuestra familia. Su composici\u00f3n 5% Mohair, 10% Lana y 85% Acr\u00edlico Premium. Esta mezcla hace de este, un hilado elegante, muy suave y c\u00f3modo para tejer la prenda que quieras.<\/p>\n<p>Es un hilado de transici\u00f3n lenta con muchos colores pasteles que sabemos que amas. Lo podr\u00e1s conseguir en 10 hermosos colores para que lo combines como m\u00e1s te guste<\/p>\n","protected":false},"featured_media":39752,"template":"","meta":{"_acf_changed":false},"product_brand":[],"product_cat":[1700,50,72],"product_tag":[],"class_list":{"0":"post-46831","1":"product","2":"type-product","3":"status-publish","4":"has-post-thumbnail","6":"product_cat-black-friday","7":"product_cat-linea-premium","8":"product_cat-linea-premium-lanas","9":"pa_mohair-arandano-7131","10":"pa_mohair-beige-28087","11":"pa_mohair-lila-28088","12":"pa_mohair-mostaza-7252","13":"pa_mohair-negro-28092","14":"pa_mohair-palo-rosa-28081","15":"pa_mohair-pastel-75717","16":"pa_mohair-petroleo-7936","17":"pa_mohair-turquesa-28080","18":"pa_mohair-verde-menta-28086","20":"first","21":"instock","22":"sale","23":"purchasable","24":"product-type-variable"},"acf":[],"_links":{"self":[{"href":"https:\/\/mayoristas.lanasorquidea.cl\/index.php?rest_route=\/wp\/v2\/product\/46831","targetHints":{"allow":["GET"]}}],"collection":[{"href":"https:\/\/mayoristas.lanasorquidea.cl\/index.php?rest_route=\/wp\/v2\/product"}],"about":[{"href":"https:\/\/mayoristas.lanasorquidea.cl\/index.php?rest_route=\/wp\/v2\/types\/product"}],"wp:featuredmedia":[{"embeddable":true,"href":"https:\/\/mayoristas.lanasorquidea.cl\/index.php?rest_route=\/wp\/v2\/media\/39752"}],"wp:attachment":[{"href":"https:\/\/mayoristas.lanasorquidea.cl\/index.php?rest_route=%2Fwp%2Fv2%2Fmedia&parent=46831"}],"wp:term":[{"taxonomy":"product_brand","embeddable":true,"href":"https:\/\/mayoristas.lanasorquidea.cl\/index.php?rest_route=%2Fwp%2Fv2%2Fproduct_brand&post=46831"},{"taxonomy":"product_cat","embeddable":true,"href":"https:\/\/mayoristas.lanasorquidea.cl\/index.php?rest_route=%2Fwp%2Fv2%2Fproduct_cat&post=46831"},{"taxonomy":"product_tag","embeddable":true,"href":"https:\/\/mayoristas.lanasorquidea.cl\/index.php?rest_route=%2Fwp%2Fv2%2Fproduct_tag&post=46831"}],"curies":[{"name":"wp","href":"https:\/\/api.w.org\/{rel}","templated":true}]}}