{"id":47142,"date":"2024-01-08T13:14:32","date_gmt":"2024-01-08T16:14:32","guid":{"rendered":"https:\/\/mayoristas.lanasorquidea.cl\/?post_type=product&#038;p=47142"},"modified":"2026-03-24T13:11:17","modified_gmt":"2026-03-24T16:11:17","slug":"protectores-de-punto-50-uds","status":"publish","type":"product","link":"https:\/\/mayoristas.lanasorquidea.cl\/?product=protectores-de-punto-50-uds","title":{"rendered":"Protectores de Punto \u2013 50 uds (IVA incluido)"},"content":{"rendered":"<p>Paquete de 50 unidades.<\/p>\n","protected":false},"excerpt":{"rendered":"<p>Set de 4 protectores de punta de palillos. Incluye dos grandes y dos peque\u00f1os, en llamativos colores, naranjo y azul. Flexibles, ligeros y s\u00faper funcionales. Te ayudan a evitar que los puntos se salgan de los palillos adem\u00e1s de proteger las puntas cuando son almacenados.<\/p>\n","protected":false},"featured_media":47144,"template":"","meta":{"_acf_changed":false},"product_brand":[],"product_cat":[46],"product_tag":[],"class_list":{"0":"post-47142","1":"product","2":"type-product","3":"status-publish","4":"has-post-thumbnail","6":"product_cat-accesorios","8":"first","9":"instock","10":"shipping-taxable","11":"purchasable","12":"product-type-simple"},"acf":[],"_links":{"self":[{"href":"https:\/\/mayoristas.lanasorquidea.cl\/index.php?rest_route=\/wp\/v2\/product\/47142","targetHints":{"allow":["GET"]}}],"collection":[{"href":"https:\/\/mayoristas.lanasorquidea.cl\/index.php?rest_route=\/wp\/v2\/product"}],"about":[{"href":"https:\/\/mayoristas.lanasorquidea.cl\/index.php?rest_route=\/wp\/v2\/types\/product"}],"wp:featuredmedia":[{"embeddable":true,"href":"https:\/\/mayoristas.lanasorquidea.cl\/index.php?rest_route=\/wp\/v2\/media\/47144"}],"wp:attachment":[{"href":"https:\/\/mayoristas.lanasorquidea.cl\/index.php?rest_route=%2Fwp%2Fv2%2Fmedia&parent=47142"}],"wp:term":[{"taxonomy":"product_brand","embeddable":true,"href":"https:\/\/mayoristas.lanasorquidea.cl\/index.php?rest_route=%2Fwp%2Fv2%2Fproduct_brand&post=47142"},{"taxonomy":"product_cat","embeddable":true,"href":"https:\/\/mayoristas.lanasorquidea.cl\/index.php?rest_route=%2Fwp%2Fv2%2Fproduct_cat&post=47142"},{"taxonomy":"product_tag","embeddable":true,"href":"https:\/\/mayoristas.lanasorquidea.cl\/index.php?rest_route=%2Fwp%2Fv2%2Fproduct_tag&post=47142"}],"curies":[{"name":"wp","href":"https:\/\/api.w.org\/{rel}","templated":true}]}}