{"id":48010,"date":"2024-05-08T15:00:27","date_gmt":"2024-05-08T18:00:27","guid":{"rendered":"https:\/\/mayoristas.lanasorquidea.cl\/?post_type=product&#038;p=48010"},"modified":"2025-06-16T14:09:14","modified_gmt":"2025-06-16T17:09:14","slug":"lana-100-pura-madeja-600-grs","status":"publish","type":"product","link":"https:\/\/mayoristas.lanasorquidea.cl\/?product=lana-100-pura-madeja-600-grs","title":{"rendered":"Lana 100% Pura Madeja 600 Grs (IVA incluido)"},"content":{"rendered":"<p>Grosor: 4 Medio (Worsted, Aran)<\/p>\n<ul>\n<li>Antial\u00e9rgico<\/li>\n<li>Composici\u00f3n: 100% Lana Pura<\/li>\n<li>N\u00famero de hebras: 3<\/li>\n<li>Gramaje: 100 gramos<\/li>\n<li>Metros en 100 gramos: 160 metros<\/li>\n<li>Grosor: 4 Medio (Worsted, Aran)<\/li>\n<li>WPI (vueltas por pulgadas): 9-11<\/li>\n<li>Palillo recomendado: 4.5 a 6.5 mm<\/li>\n<li>Ganchillo recomendado: 4.5 a 5.5 mm<\/li>\n<\/ul>\n<p>&nbsp;<\/p>\n<p>Grosor: 5 Abultado (Chunky)<\/p>\n<ul>\n<li>Antial\u00e9rgico<\/li>\n<li>Composici\u00f3n: 100% Lana Pura<\/li>\n<li>Numero de hebras: 1<\/li>\n<li>Gramaje: 100 gramos<\/li>\n<li>Metros en 100 gramos: 120 metros aproximadamente.<\/li>\n<li>Grosor: 5 Abultado (Chunky)<\/li>\n<li>WPI (vueltas por pulgadas): 7-8<\/li>\n<li>Palillo recomendado: 6.5 a 9 mm<\/li>\n<li>Crochet recomendado: 5.5 a 8 mm<\/li>\n<\/ul>\n","protected":false},"excerpt":{"rendered":"<p>Sum\u00e9rgete en la autenticidad y la pureza con nuestra Lana Pura 100% sin te\u00f1ir. Este hilado natural conserva su tono original, brindando una est\u00e9tica original y genuina que refleja la calidad de su materia prima.<\/p>\n<p>Al mantenerse sin procesos de tratamiento, esta lana preserva sus propiedades internas, como su suavidad, durabilidad y excelente capacidad de retenci\u00f3n de calor.<\/p>\n<p>Con nuestra Lana Pura, tienes la libertad de te\u00f1irla de manera artesanal en el color que desees, adem\u00e1s de poder aplicarle un tratamiento superwash para mayor practicidad.<\/p>\n<p>Es importante tener en cuenta que al no recibir tratamiento, el hilado puede experimentar un encogimiento al te\u00f1irlo o al lavar la\u00a0prenda\u00a0final.<\/p>\n<p><span style=\"vertical-align: inherit;\">Disponible en 2 grosores diferentes:<\/span><\/p>\n<ul>\n<li><span style=\"vertical-align: inherit;\">4 Medio (Worsted, Aran)<\/span><\/li>\n<li><span style=\"vertical-align: inherit;\">5 Abultado (Chunky)<\/span><\/li>\n<\/ul>\n<p>6 madejas de 100 gramos.<\/p>\n","protected":false},"featured_media":48212,"template":"","meta":{"_acf_changed":false},"product_brand":[],"product_cat":[72],"product_tag":[],"class_list":{"0":"post-48010","1":"product","2":"type-product","3":"status-publish","4":"has-post-thumbnail","6":"product_cat-linea-premium-lanas","7":"pa_lana-100-pura-chunky-201-madeja","8":"pa_lana-100-pura-worsted-301-madeja","10":"first","11":"instock","12":"purchasable","13":"product-type-variable"},"acf":[],"_links":{"self":[{"href":"https:\/\/mayoristas.lanasorquidea.cl\/index.php?rest_route=\/wp\/v2\/product\/48010","targetHints":{"allow":["GET"]}}],"collection":[{"href":"https:\/\/mayoristas.lanasorquidea.cl\/index.php?rest_route=\/wp\/v2\/product"}],"about":[{"href":"https:\/\/mayoristas.lanasorquidea.cl\/index.php?rest_route=\/wp\/v2\/types\/product"}],"wp:featuredmedia":[{"embeddable":true,"href":"https:\/\/mayoristas.lanasorquidea.cl\/index.php?rest_route=\/wp\/v2\/media\/48212"}],"wp:attachment":[{"href":"https:\/\/mayoristas.lanasorquidea.cl\/index.php?rest_route=%2Fwp%2Fv2%2Fmedia&parent=48010"}],"wp:term":[{"taxonomy":"product_brand","embeddable":true,"href":"https:\/\/mayoristas.lanasorquidea.cl\/index.php?rest_route=%2Fwp%2Fv2%2Fproduct_brand&post=48010"},{"taxonomy":"product_cat","embeddable":true,"href":"https:\/\/mayoristas.lanasorquidea.cl\/index.php?rest_route=%2Fwp%2Fv2%2Fproduct_cat&post=48010"},{"taxonomy":"product_tag","embeddable":true,"href":"https:\/\/mayoristas.lanasorquidea.cl\/index.php?rest_route=%2Fwp%2Fv2%2Fproduct_tag&post=48010"}],"curies":[{"name":"wp","href":"https:\/\/api.w.org\/{rel}","templated":true}]}}