{"id":48041,"date":"2024-05-14T11:24:21","date_gmt":"2024-05-14T14:24:21","guid":{"rendered":"https:\/\/mayoristas.lanasorquidea.cl\/?post_type=product&#038;p=48041"},"modified":"2025-12-04T10:01:41","modified_gmt":"2025-12-04T13:01:41","slug":"trapillo-35-kg-10-unidades","status":"publish","type":"product","link":"https:\/\/mayoristas.lanasorquidea.cl\/?product=trapillo-35-kg-10-unidades","title":{"rendered":"Trapillo 3,5 Kg &#8211; 10 Unidades (IVA incluido)"},"content":{"rendered":"<div class=\"woocommerce-product-details__short-description\">\n<ul>\n<li>Peso: 350 grs<\/li>\n<li>Composici\u00f3n: 90% Cotton, 10% Poliester<\/li>\n<li>Metros: 55 mts.<\/li>\n<li>Superficie: 25 cm x 25 cm<\/li>\n<li>Crochet: 8 mm a 12 mm<\/li>\n<li>Palillo: 10 mm a 25 mm<\/li>\n<\/ul>\n<p><em><strong>*El color real del producto puede no parecerse al de la fotograf\u00eda.<\/strong><\/em><\/p>\n<\/div>\n<p>ESTIMADO CLIENTE, EL PAQUETE<strong>\u00a0<\/strong>CONTIENE <strong>10 OVILLOS.<span style=\"color: #993300;\">\u00a0<\/span>CONSIDERAR QUE LOS TONOS ESCOGIDOS PUEDEN VARIAR DE UN PAQUETE A OTRO.<\/strong><\/p>\n<p>Tomar esto en consideraci\u00f3n al momento de realizar su pedido.<\/p>\n","protected":false},"excerpt":{"rendered":"<p><em><strong>*El color real del producto puede no parecerse al de la fotograf\u00eda.<\/strong><\/em><\/p>\n<p>El Hilado de T-Shirt Yarn est\u00e1 producido con telas de textiles reciclados sin procesos qu\u00edmicos. Este hilado es perfecto para proyectos como canastos, bolsos, alfombras, poufs. Como est\u00e1 hecho con material reciclado no hay continuidad en los colores, por eso recomendamos comprar la cantidad de material necesario para tus proyectos.<\/p>\n<p>ESTIMADO CLIENTE, EL PAQUETE<strong>\u00a0<\/strong>CONTIENE <strong>10 OVILLOS.<span style=\"color: #993300;\">\u00a0<\/span>CONSIDERAR QUE LOS TONOS ESCOGIDOS PUEDEN VARIAR DE UN PAQUETE A OTRO.<\/strong><\/p>\n<p>Tomar esto en consideraci\u00f3n al momento de realizar su pedido.<\/p>\n","protected":false},"featured_media":48193,"template":"","meta":{"_acf_changed":false},"product_brand":[],"product_cat":[1570,1337,59],"product_tag":[],"class_list":{"0":"post-48041","1":"product","2":"type-product","3":"status-publish","4":"has-post-thumbnail","6":"product_cat-50-de-descuento","7":"product_cat-linea-retwisst-linea-retwisst","8":"product_cat-linea-retwisst","9":"pa_t-shirt-yarn-10-uds-blanco","10":"pa_t-shirt-yarn-10-uds-coral","11":"pa_t-shirt-yarn-10-uds-crema","12":"pa_t-shirt-yarn-10-uds-negro","13":"pa_t-shirt-yarn-10-uds-nude","15":"first","16":"outofstock","17":"purchasable","18":"product-type-variable"},"acf":[],"_links":{"self":[{"href":"https:\/\/mayoristas.lanasorquidea.cl\/index.php?rest_route=\/wp\/v2\/product\/48041","targetHints":{"allow":["GET"]}}],"collection":[{"href":"https:\/\/mayoristas.lanasorquidea.cl\/index.php?rest_route=\/wp\/v2\/product"}],"about":[{"href":"https:\/\/mayoristas.lanasorquidea.cl\/index.php?rest_route=\/wp\/v2\/types\/product"}],"wp:featuredmedia":[{"embeddable":true,"href":"https:\/\/mayoristas.lanasorquidea.cl\/index.php?rest_route=\/wp\/v2\/media\/48193"}],"wp:attachment":[{"href":"https:\/\/mayoristas.lanasorquidea.cl\/index.php?rest_route=%2Fwp%2Fv2%2Fmedia&parent=48041"}],"wp:term":[{"taxonomy":"product_brand","embeddable":true,"href":"https:\/\/mayoristas.lanasorquidea.cl\/index.php?rest_route=%2Fwp%2Fv2%2Fproduct_brand&post=48041"},{"taxonomy":"product_cat","embeddable":true,"href":"https:\/\/mayoristas.lanasorquidea.cl\/index.php?rest_route=%2Fwp%2Fv2%2Fproduct_cat&post=48041"},{"taxonomy":"product_tag","embeddable":true,"href":"https:\/\/mayoristas.lanasorquidea.cl\/index.php?rest_route=%2Fwp%2Fv2%2Fproduct_tag&post=48041"}],"curies":[{"name":"wp","href":"https:\/\/api.w.org\/{rel}","templated":true}]}}