{"id":48650,"date":"2024-08-08T12:55:15","date_gmt":"2024-08-08T15:55:15","guid":{"rendered":"https:\/\/mayoristas.lanasorquidea.cl\/?post_type=product&#038;p=48650"},"modified":"2026-04-16T11:21:13","modified_gmt":"2026-04-16T14:21:13","slug":"algodon-dk-1-kg-iva-incluido","status":"publish","type":"product","link":"https:\/\/mayoristas.lanasorquidea.cl\/?product=algodon-dk-1-kg-iva-incluido","title":{"rendered":"Algod\u00f3n DK 1 Kg (IVA Incluido)"},"content":{"rendered":"<ul>\n<li><span style=\"vertical-align: inherit;\">Composici\u00f3n: 50% Algod\u00f3n y 50% Acr\u00edlico<\/span><\/li>\n<li><span style=\"vertical-align: inherit;\">Antial\u00e9rgica<\/span><\/li>\n<li><span style=\"vertical-align: inherit;\">N\u00famero de hebras: 8<\/span><\/li>\n<li><span style=\"vertical-align: inherit;\">Gramaje: 100 gramos<\/span><\/li>\n<li><span style=\"vertical-align: inherit;\">Metros en 100 gramos: 200 metros aproximadamente<\/span><\/li>\n<li><span style=\"vertical-align: inherit;\">Grosor: 3 Ligero (DK)<\/span><\/li>\n<li><span style=\"vertical-align: inherit;\">Palillo recomendado: 2 a 4 mm<\/span><\/li>\n<li><span style=\"vertical-align: inherit;\">Ganchillo recomendado: 2,5 a 4 mm<\/span><\/li>\n<\/ul>\n","protected":false},"excerpt":{"rendered":"<p>D\u00e9jate cautivar por este extraordinario hilo de lana que superar\u00e1 todas tus expectativas. Con el grosor perfecto, una textura excepcionalmente suave y una paleta de colores pasteles verdaderamente encantadora, este hilado es simplemente irresistible. Su composici\u00f3n \u00fanica, que combina algod\u00f3n y acr\u00edlico en una mezcla armoniosa, crea un efecto melange fascinante en cada hebra, a\u00f1adiendo profundidad y car\u00e1cter a tus proyectos. Adem\u00e1s, su naturaleza antial\u00e9rgica y su suavidad excepcional lo convierten en la elecci\u00f3n ideal para cualquier persona.<\/p>\n","protected":false},"featured_media":48737,"template":"","meta":{"_acf_changed":false},"product_brand":[],"product_cat":[57,15],"product_tag":[1552,1516,1551,1553,1511],"class_list":{"0":"post-48650","1":"product","2":"type-product","3":"status-publish","4":"has-post-thumbnail","6":"product_cat-linea-algodon","7":"product_cat-uncategorized","8":"product_tag-algodon","9":"product_tag-crochet","10":"product_tag-dk","11":"product_tag-palillos","12":"product_tag-tejido","13":"pa_algodon-dk-azul-jeans-14","14":"pa_algodon-dk-beige-20","15":"pa_algodon-dk-blanco-1","16":"pa_algodon-dk-crudo-2","17":"pa_algodon-dk-fucsia-29","18":"pa_algodon-dk-malva-5","19":"pa_algodon-dk-mostaza-claro-23","20":"pa_algodon-dk-negro-26","21":"pa_algodon-dk-nude-3","22":"pa_algodon-dk-palo-rosa-4","23":"pa_algodon-dk-pastel-30","24":"pa_algodon-dk-rojo-italiano-27","25":"pa_algodon-dk-rosa-viejo-19","26":"pa_algodon-dk-turquesa-16","27":"pa_algodon-dk-verde-menta-11","28":"pa_algodon-dk-verde-menta-oscuro-12","29":"pa_algodon-dk-verde-navidad-28","31":"first","32":"instock","33":"shipping-taxable","34":"purchasable","35":"product-type-variable"},"acf":[],"_links":{"self":[{"href":"https:\/\/mayoristas.lanasorquidea.cl\/index.php?rest_route=\/wp\/v2\/product\/48650","targetHints":{"allow":["GET"]}}],"collection":[{"href":"https:\/\/mayoristas.lanasorquidea.cl\/index.php?rest_route=\/wp\/v2\/product"}],"about":[{"href":"https:\/\/mayoristas.lanasorquidea.cl\/index.php?rest_route=\/wp\/v2\/types\/product"}],"wp:featuredmedia":[{"embeddable":true,"href":"https:\/\/mayoristas.lanasorquidea.cl\/index.php?rest_route=\/wp\/v2\/media\/48737"}],"wp:attachment":[{"href":"https:\/\/mayoristas.lanasorquidea.cl\/index.php?rest_route=%2Fwp%2Fv2%2Fmedia&parent=48650"}],"wp:term":[{"taxonomy":"product_brand","embeddable":true,"href":"https:\/\/mayoristas.lanasorquidea.cl\/index.php?rest_route=%2Fwp%2Fv2%2Fproduct_brand&post=48650"},{"taxonomy":"product_cat","embeddable":true,"href":"https:\/\/mayoristas.lanasorquidea.cl\/index.php?rest_route=%2Fwp%2Fv2%2Fproduct_cat&post=48650"},{"taxonomy":"product_tag","embeddable":true,"href":"https:\/\/mayoristas.lanasorquidea.cl\/index.php?rest_route=%2Fwp%2Fv2%2Fproduct_tag&post=48650"}],"curies":[{"name":"wp","href":"https:\/\/api.w.org\/{rel}","templated":true}]}}