{"id":48880,"date":"2024-10-21T13:40:45","date_gmt":"2024-10-21T16:40:45","guid":{"rendered":"https:\/\/mayoristas.lanasorquidea.cl\/?post_type=product&#038;p=48880"},"modified":"2026-04-16T11:21:14","modified_gmt":"2026-04-16T14:21:14","slug":"merino-500-grs-iva-incluido","status":"publish","type":"product","link":"https:\/\/mayoristas.lanasorquidea.cl\/?product=merino-500-grs-iva-incluido","title":{"rendered":"Merino 500 Grs (IVA Incluido)"},"content":{"rendered":"<h4>Cuidados<\/h4>\n<p><img fetchpriority=\"high\" decoding=\"async\" src=\"https:\/\/i.postimg.cc\/cCdmJzqq\/CU-TODOS.png\" width=\"550\" height=\"500\" \/><\/p>\n<h4>Caracter\u00edsticas<\/h4>\n<ul>\n<li>Antial\u00e9rgico<\/li>\n<li>Composici\u00f3n: 100% Lana Merino Superwash<\/li>\n<li>Gramaje: 50 gramos<\/li>\n<li>Metros en 50 gramos: 170 metros aproximadamente<\/li>\n<li>Grosor: 2 Fino (Light DK)<\/li>\n<li>Palillo recomendado: 3.0 a 4.0 mm<\/li>\n<li>Crochet recomendado: 3.5 a 4.5 mm<\/li>\n<\/ul>\n","protected":false},"excerpt":{"rendered":"<p>Cuidados Caracter\u00edsticas Antial\u00e9rgico Composici\u00f3n: 100% Lana Merino Superwash Gramaje: 50 gramos Metros en 50 gramos: 170 metros aproximadamente Grosor: 2 Fino (Light DK) Palillo recomendado: 3.0 a 4.0 mm Crochet recomendado: 3.5 a 4.5 mm<\/p>\n","protected":false},"featured_media":48972,"template":"","meta":{"_acf_changed":false},"product_brand":[],"product_cat":[1629],"product_tag":[],"class_list":{"0":"post-48880","1":"product","2":"type-product","3":"status-publish","4":"has-post-thumbnail","6":"product_cat-linea-fibras-naturales","7":"pa_merino-100-azul-marino-13","8":"pa_merino-100-beige-4","9":"pa_merino-100-burdeo-15","10":"pa_merino-100-camel-16","11":"pa_merino-100-celeste-5","12":"pa_merino-100-chocolate-20","13":"pa_merino-100-crudo-1","14":"pa_merino-100-fucsia-18","15":"pa_merino-100-lila-17","16":"pa_merino-100-mocha-mousse-14","17":"pa_merino-100-mostaza-claro-11","18":"pa_merino-100-negro-2","19":"pa_merino-100-palo-rosa-12","20":"pa_merino-100-rojo-italiano-8","21":"pa_merino-100-rosa-viejo-9","22":"pa_merino-100-rosado-bebe-10","23":"pa_merino-100-teal-19","24":"pa_merino-100-verde-manzana-3","25":"pa_merino-100-verde-menta-7","27":"first","28":"instock","29":"shipping-taxable","30":"purchasable","31":"product-type-variable"},"acf":[],"_links":{"self":[{"href":"https:\/\/mayoristas.lanasorquidea.cl\/index.php?rest_route=\/wp\/v2\/product\/48880","targetHints":{"allow":["GET"]}}],"collection":[{"href":"https:\/\/mayoristas.lanasorquidea.cl\/index.php?rest_route=\/wp\/v2\/product"}],"about":[{"href":"https:\/\/mayoristas.lanasorquidea.cl\/index.php?rest_route=\/wp\/v2\/types\/product"}],"wp:featuredmedia":[{"embeddable":true,"href":"https:\/\/mayoristas.lanasorquidea.cl\/index.php?rest_route=\/wp\/v2\/media\/48972"}],"wp:attachment":[{"href":"https:\/\/mayoristas.lanasorquidea.cl\/index.php?rest_route=%2Fwp%2Fv2%2Fmedia&parent=48880"}],"wp:term":[{"taxonomy":"product_brand","embeddable":true,"href":"https:\/\/mayoristas.lanasorquidea.cl\/index.php?rest_route=%2Fwp%2Fv2%2Fproduct_brand&post=48880"},{"taxonomy":"product_cat","embeddable":true,"href":"https:\/\/mayoristas.lanasorquidea.cl\/index.php?rest_route=%2Fwp%2Fv2%2Fproduct_cat&post=48880"},{"taxonomy":"product_tag","embeddable":true,"href":"https:\/\/mayoristas.lanasorquidea.cl\/index.php?rest_route=%2Fwp%2Fv2%2Fproduct_tag&post=48880"}],"curies":[{"name":"wp","href":"https:\/\/api.w.org\/{rel}","templated":true}]}}