{"id":48909,"date":"2024-10-21T13:40:57","date_gmt":"2024-10-21T16:40:57","guid":{"rendered":"https:\/\/mayoristas.lanasorquidea.cl\/?post_type=product&#038;p=48909"},"modified":"2026-04-09T15:09:53","modified_gmt":"2026-04-09T18:09:53","slug":"bamboo-1-kg-iva-incluido","status":"publish","type":"product","link":"https:\/\/mayoristas.lanasorquidea.cl\/?product=bamboo-1-kg-iva-incluido","title":{"rendered":"Bamboo 1 Kg (IVA Incluido)"},"content":{"rendered":"<h4><span style=\"vertical-align: inherit;\">Cuidados<\/span><\/h4>\n<p><img fetchpriority=\"high\" decoding=\"async\" src=\"https:\/\/i.postimg.cc\/cCdmJzqq\/CU-TODOS.png\" width=\"550\" height=\"500\" \/><\/p>\n<h4><span style=\"vertical-align: inherit;\">Caracter\u00edsticas<\/span><\/h4>\n<ul>\n<li><span style=\"vertical-align: inherit;\">Composici\u00f3n: 100% Bamboo<\/span><\/li>\n<li><span style=\"vertical-align: inherit;\">N\u00famero de hebras: 5<\/span><\/li>\n<li><span style=\"vertical-align: inherit;\">Gramaje: 100 gramos <\/span><\/li>\n<li><span style=\"vertical-align: inherit;\">Metros en 100 gramos: 320 metros aproximadamente<\/span><\/li>\n<li><span style=\"vertical-align: inherit;\">Grosor: 2 Fino (Light DK) <\/span><\/li>\n<li><span style=\"vertical-align: inherit;\">WPI (vueltas por pulgadas): 15-18<\/span><\/li>\n<li><span style=\"vertical-align: inherit;\">Palillo recomendado: 3.25 a 3.75 mm<\/span><\/li>\n<li><span style=\"vertical-align: inherit;\">Ganchillo recomendado: 3,25 a 3,75 mm<\/span><\/li>\n<\/ul>\n","protected":false},"excerpt":{"rendered":"<p>Cuidados Caracter\u00edsticas Composici\u00f3n: 100% Bamboo N\u00famero de hebras: 5 Gramaje: 100 gramos Metros en 100 gramos: 320 metros aproximadamente Grosor: 2 Fino (Light DK) WPI (vueltas por pulgadas): 15-18 Palillo recomendado: 3.25 a 3.75 mm Ganchillo recomendado: 3,25 a 3,75 mm<\/p>\n","protected":false},"featured_media":48957,"template":"","meta":{"_acf_changed":false},"product_brand":[],"product_cat":[1629],"product_tag":[],"class_list":{"0":"post-48909","1":"product","2":"type-product","3":"status-publish","4":"has-post-thumbnail","6":"product_cat-linea-fibras-naturales","7":"pa_bamboo-azul-marino-11","8":"pa_bamboo-blanco-1","9":"pa_bamboo-celeste-10","10":"pa_bamboo-crudo-2","11":"pa_bamboo-fucsia-5","12":"pa_bamboo-mostaza-3","13":"pa_bamboo-negro-12","14":"pa_bamboo-rojo-6","15":"pa_bamboo-rosado-4","16":"pa_bamboo-turquesa-9","17":"pa_bamboo-verde-menta-8","19":"first","20":"instock","21":"shipping-taxable","22":"purchasable","23":"product-type-variable"},"acf":[],"_links":{"self":[{"href":"https:\/\/mayoristas.lanasorquidea.cl\/index.php?rest_route=\/wp\/v2\/product\/48909","targetHints":{"allow":["GET"]}}],"collection":[{"href":"https:\/\/mayoristas.lanasorquidea.cl\/index.php?rest_route=\/wp\/v2\/product"}],"about":[{"href":"https:\/\/mayoristas.lanasorquidea.cl\/index.php?rest_route=\/wp\/v2\/types\/product"}],"wp:featuredmedia":[{"embeddable":true,"href":"https:\/\/mayoristas.lanasorquidea.cl\/index.php?rest_route=\/wp\/v2\/media\/48957"}],"wp:attachment":[{"href":"https:\/\/mayoristas.lanasorquidea.cl\/index.php?rest_route=%2Fwp%2Fv2%2Fmedia&parent=48909"}],"wp:term":[{"taxonomy":"product_brand","embeddable":true,"href":"https:\/\/mayoristas.lanasorquidea.cl\/index.php?rest_route=%2Fwp%2Fv2%2Fproduct_brand&post=48909"},{"taxonomy":"product_cat","embeddable":true,"href":"https:\/\/mayoristas.lanasorquidea.cl\/index.php?rest_route=%2Fwp%2Fv2%2Fproduct_cat&post=48909"},{"taxonomy":"product_tag","embeddable":true,"href":"https:\/\/mayoristas.lanasorquidea.cl\/index.php?rest_route=%2Fwp%2Fv2%2Fproduct_tag&post=48909"}],"curies":[{"name":"wp","href":"https:\/\/api.w.org\/{rel}","templated":true}]}}