{"id":48924,"date":"2024-08-27T13:47:07","date_gmt":"2024-08-27T16:47:07","guid":{"rendered":"https:\/\/mayoristas.lanasorquidea.cl\/?post_type=product&#038;p=48924"},"modified":"2026-04-16T11:21:13","modified_gmt":"2026-04-16T14:21:13","slug":"the-baby-alpaca-500-grs-iva-incluido","status":"publish","type":"product","link":"https:\/\/mayoristas.lanasorquidea.cl\/?product=the-baby-alpaca-500-grs-iva-incluido","title":{"rendered":"The Baby Alpaca 500 Grs (IVA incluido)"},"content":{"rendered":"<h4><span style=\"vertical-align: inherit;\">Cuidados<\/span><\/h4>\n<p><img fetchpriority=\"high\" decoding=\"async\" src=\"https:\/\/i.postimg.cc\/cCdmJzqq\/CU-TODOS.png\" width=\"550\" height=\"500\" \/><\/p>\n<h4><span style=\"vertical-align: inherit;\">Caracter\u00edsticas<\/span><\/h4>\n<ul>\n<li><span style=\"vertical-align: inherit;\">Antial\u00e9rgico<\/span><\/li>\n<li><span style=\"vertical-align: inherit;\">Composici\u00f3n: 100% Baby Alpaca<\/span><\/li>\n<li><span style=\"vertical-align: inherit;\">N\u00famero de hebras: 3 hebras<\/span><\/li>\n<li><span style=\"vertical-align: inherit;\">Gramaje: 50 gramos<\/span><\/li>\n<li><span style=\"vertical-align: inherit;\">Metros en 50 gramos: 133 metros aproximadamente<\/span><\/li>\n<li><span style=\"vertical-align: inherit;\">Grosor: 3 Ligero (DK)<\/span><\/li>\n<li><span style=\"vertical-align: inherit;\">Palillo recomendado: 4.0 a 5.0 mm<\/span><\/li>\n<li><span style=\"vertical-align: inherit;\">Ganchillo recomendado: 4.5 a 5.5 mm<\/span><\/li>\n<\/ul>\n<p>&nbsp;<\/p>\n","protected":false},"excerpt":{"rendered":"<p>Explora la delicadeza y calidez de nuestra colecci\u00f3n Baby Alpaca, perfecta para tejer chalecos suaves y abrigados. Esta lana de alpaca es tan suave y reconfortante que te enamorar\u00e1s al instante. Con una selecci\u00f3n de 12 colores especialmente tratados por nosotros, tendr\u00e1s la libertad de crear tu nuevo proyecto exactamente como lo imaginas. Ya sea utiliz\u00e1ndolos solos o combin\u00e1ndolos a tu gusto, la belleza y calidad de esta lana destacar\u00e1n en cada puntada.<\/p>\n","protected":false},"featured_media":48991,"template":"","meta":{"_acf_changed":false},"product_brand":[],"product_cat":[1629],"product_tag":[],"class_list":{"0":"post-48924","1":"product","2":"type-product","3":"status-publish","4":"has-post-thumbnail","6":"product_cat-linea-fibras-naturales","7":"pa_the-baby-alpaca-azul-jeans-9","8":"pa_the-baby-alpaca-azul-marino-6","9":"pa_the-baby-alpaca-beige-7","10":"pa_the-baby-alpaca-burdeo-12","11":"pa_the-baby-alpaca-cafe-1","12":"pa_the-baby-alpaca-camel-11","13":"pa_the-baby-alpaca-crudo-3","14":"pa_the-baby-alpaca-gris-perla-4","15":"pa_the-baby-alpaca-negro-2","16":"pa_the-baby-alpaca-rosa-viejo-8","17":"pa_the-baby-alpaca-verde-botella-5","18":"pa_the-baby-alpaca-verde-menta-10","20":"first","21":"instock","22":"purchasable","23":"product-type-variable"},"acf":[],"_links":{"self":[{"href":"https:\/\/mayoristas.lanasorquidea.cl\/index.php?rest_route=\/wp\/v2\/product\/48924","targetHints":{"allow":["GET"]}}],"collection":[{"href":"https:\/\/mayoristas.lanasorquidea.cl\/index.php?rest_route=\/wp\/v2\/product"}],"about":[{"href":"https:\/\/mayoristas.lanasorquidea.cl\/index.php?rest_route=\/wp\/v2\/types\/product"}],"wp:featuredmedia":[{"embeddable":true,"href":"https:\/\/mayoristas.lanasorquidea.cl\/index.php?rest_route=\/wp\/v2\/media\/48991"}],"wp:attachment":[{"href":"https:\/\/mayoristas.lanasorquidea.cl\/index.php?rest_route=%2Fwp%2Fv2%2Fmedia&parent=48924"}],"wp:term":[{"taxonomy":"product_brand","embeddable":true,"href":"https:\/\/mayoristas.lanasorquidea.cl\/index.php?rest_route=%2Fwp%2Fv2%2Fproduct_brand&post=48924"},{"taxonomy":"product_cat","embeddable":true,"href":"https:\/\/mayoristas.lanasorquidea.cl\/index.php?rest_route=%2Fwp%2Fv2%2Fproduct_cat&post=48924"},{"taxonomy":"product_tag","embeddable":true,"href":"https:\/\/mayoristas.lanasorquidea.cl\/index.php?rest_route=%2Fwp%2Fv2%2Fproduct_tag&post=48924"}],"curies":[{"name":"wp","href":"https:\/\/api.w.org\/{rel}","templated":true}]}}