{"id":49399,"date":"2024-11-11T16:10:57","date_gmt":"2024-11-11T19:10:57","guid":{"rendered":"https:\/\/mayoristas.lanasorquidea.cl\/?post_type=product&#038;p=49399"},"modified":"2026-03-24T13:11:09","modified_gmt":"2026-03-24T16:11:09","slug":"regular-25-2-8-kg-iva-incluido","status":"publish","type":"product","link":"https:\/\/mayoristas.lanasorquidea.cl\/?product=regular-25-2-8-kg-iva-incluido","title":{"rendered":"Regular 25\/2 &#8211; 1 Kg (IVA Incluido)"},"content":{"rendered":"","protected":false},"excerpt":{"rendered":"<p>Cono (cada cono pesa 1kg aprox)<\/p>\n<p>El <strong data-start=\"382\" data-end=\"405\">hilado Regular 25\/2<\/strong>\u00a0 est\u00e1 compuesto de Acr\u00edlico.<\/p>\n<p>La especificaci\u00f3n &#8220;Regular&#8221; hace referencia a un tipo de hilado m\u00e1s est\u00e1ndar o com\u00fan, utilizado en una amplia gama de productos textiles.<\/p>\n<p>ofrece una <strong data-start=\"4546\" data-end=\"4597\">combinaci\u00f3n de suavidad, resistencia y ligereza<\/strong>, lo que lo hace ideal para aplicaciones tanto en la moda como en el hogar y productos t\u00e9cnicos. Su capacidad de retener el color y su facilidad de cuidado lo hacen una opci\u00f3n popular en la industria textil, mantiene su volumen natural y ofrece una textura compacta, ideal para productos que requieran precisi\u00f3n en el ajuste y menos elasticidad.<\/p>\n<p>Encu\u00e9ntralo en diferentes colores<\/p>\n<p>100% Acr\u00edlico para tejer a m\u00e1quina.<\/p>\n<p>NM 25\/2<\/p>\n","protected":false},"featured_media":49382,"template":"","meta":{"_acf_changed":false},"product_brand":[],"product_cat":[1674,15],"product_tag":[],"class_list":{"0":"post-49399","1":"product","2":"type-product","3":"status-publish","4":"has-post-thumbnail","6":"product_cat-linea-industrial","7":"product_cat-uncategorized","8":"pa_regular-25-2-azul-francia-194027","9":"pa_regular-25-2-beige-151119","10":"pa_regular-25-2-beige-indio-471328","11":"pa_regular-25-2-biscotti-131009","12":"pa_regular-25-2-blanco-optico-114202","13":"pa_regular-25-2-blue-hill-194028","14":"pa_regular-25-2-cafe-191015","15":"pa_regular-25-2-camel-59825","16":"pa_regular-25-2-chocolate-201137","17":"pa_regular-25-2-crudo-110602","18":"pa_regular-25-2-gasa-rosa-241511","19":"pa_regular-25-2-marengo-194305","20":"pa_regular-25-2-negro-1","21":"pa_regular-25-2-ostra-431007","22":"pa_regular-25-2-perla-171502","23":"pa_regular-25-2-rojo-chino-191763","24":"pa_regular-25-2-susurro-110701","25":"pa_regular-25-2-verde-botella-195513","26":"pa_regular-25-2-verde-musgo-190323","28":"first","29":"instock","30":"shipping-taxable","31":"purchasable","32":"product-type-variable"},"acf":[],"_links":{"self":[{"href":"https:\/\/mayoristas.lanasorquidea.cl\/index.php?rest_route=\/wp\/v2\/product\/49399","targetHints":{"allow":["GET"]}}],"collection":[{"href":"https:\/\/mayoristas.lanasorquidea.cl\/index.php?rest_route=\/wp\/v2\/product"}],"about":[{"href":"https:\/\/mayoristas.lanasorquidea.cl\/index.php?rest_route=\/wp\/v2\/types\/product"}],"wp:featuredmedia":[{"embeddable":true,"href":"https:\/\/mayoristas.lanasorquidea.cl\/index.php?rest_route=\/wp\/v2\/media\/49382"}],"wp:attachment":[{"href":"https:\/\/mayoristas.lanasorquidea.cl\/index.php?rest_route=%2Fwp%2Fv2%2Fmedia&parent=49399"}],"wp:term":[{"taxonomy":"product_brand","embeddable":true,"href":"https:\/\/mayoristas.lanasorquidea.cl\/index.php?rest_route=%2Fwp%2Fv2%2Fproduct_brand&post=49399"},{"taxonomy":"product_cat","embeddable":true,"href":"https:\/\/mayoristas.lanasorquidea.cl\/index.php?rest_route=%2Fwp%2Fv2%2Fproduct_cat&post=49399"},{"taxonomy":"product_tag","embeddable":true,"href":"https:\/\/mayoristas.lanasorquidea.cl\/index.php?rest_route=%2Fwp%2Fv2%2Fproduct_tag&post=49399"}],"curies":[{"name":"wp","href":"https:\/\/api.w.org\/{rel}","templated":true}]}}