{"id":49427,"date":"2024-11-11T16:10:51","date_gmt":"2024-11-11T19:10:51","guid":{"rendered":"https:\/\/mayoristas.lanasorquidea.cl\/?post_type=product&#038;p=49427"},"modified":"2026-04-16T11:20:40","modified_gmt":"2026-04-16T14:20:40","slug":"hb-28-2-8-kg-iva-incluido","status":"publish","type":"product","link":"https:\/\/mayoristas.lanasorquidea.cl\/?product=hb-28-2-8-kg-iva-incluido","title":{"rendered":"HB 28\/2 &#8211; 1 Kg (IVA Incluido)"},"content":{"rendered":"","protected":false},"excerpt":{"rendered":"<p>Cono (cada cono pesa 1kg aprox)<\/p>\n<p>Hilado Industrial HB en Cono para tejer a m\u00e1quina. Ideal para tejidos esponjosos, c\u00e1lidos y con excelente recuperaci\u00f3n el\u00e1stica, es perfecto para crear prendas duraderas, para producir productos en tejido de punto para su\u00e9ter, bordados, gorros, capas, guantes, frazadas, colchas, etc. donde se busca cuerpo y aislamiento t\u00e9rmico. Gracias a su textura suave y flexible, proporciona un acabado de mayor calidad y permite obtener tejidos que se ajustan mejor y mantienen su forma con el uso.<\/p>\n<p>Es una opci\u00f3n vers\u00e1til y econ\u00f3mica, con una amplia gama de aplicaciones en la industria textil, ofreciendo productos finales que son duraderos, ligeros y de f\u00e1cil cuidado.<\/p>\n<p>Encu\u00e9ntralo en diferentes colores.<\/p>\n<p>100% Acr\u00edlico para tejer a m\u00e1quina.<\/p>\n<p>NM 28\/2<\/p>\n","protected":false},"featured_media":49459,"template":"","meta":{"_acf_changed":false},"product_brand":[],"product_cat":[1674],"product_tag":[],"class_list":{"0":"post-49427","1":"product","2":"type-product","3":"status-publish","4":"has-post-thumbnail","6":"product_cat-linea-industrial","7":"pa_hb-abedul-150703","8":"pa_hb-azul-marino-193712","9":"pa_hb-beige-indio-471328","10":"pa_hb-camel-171224","11":"pa_hb-crudo-110602","12":"pa_hb-curry-150948","13":"pa_hb-gasa-rosa-241511","14":"pa_hb-gris-melange-371501","15":"pa_hb-marengo-melange-180503","16":"pa_hb-marron-191314","17":"pa_hb-naranja-300011","18":"pa_hb-negro-194305","19":"pa_hb-ostra-431007","20":"pa_hb-remolacha-182143","21":"pa_hb-rojo-chino-191763","22":"pa_hb-susurro-110701","23":"pa_hb-verde-musgo-190323","25":"first","26":"instock","27":"shipping-taxable","28":"purchasable","29":"product-type-variable"},"acf":[],"_links":{"self":[{"href":"https:\/\/mayoristas.lanasorquidea.cl\/index.php?rest_route=\/wp\/v2\/product\/49427","targetHints":{"allow":["GET"]}}],"collection":[{"href":"https:\/\/mayoristas.lanasorquidea.cl\/index.php?rest_route=\/wp\/v2\/product"}],"about":[{"href":"https:\/\/mayoristas.lanasorquidea.cl\/index.php?rest_route=\/wp\/v2\/types\/product"}],"wp:featuredmedia":[{"embeddable":true,"href":"https:\/\/mayoristas.lanasorquidea.cl\/index.php?rest_route=\/wp\/v2\/media\/49459"}],"wp:attachment":[{"href":"https:\/\/mayoristas.lanasorquidea.cl\/index.php?rest_route=%2Fwp%2Fv2%2Fmedia&parent=49427"}],"wp:term":[{"taxonomy":"product_brand","embeddable":true,"href":"https:\/\/mayoristas.lanasorquidea.cl\/index.php?rest_route=%2Fwp%2Fv2%2Fproduct_brand&post=49427"},{"taxonomy":"product_cat","embeddable":true,"href":"https:\/\/mayoristas.lanasorquidea.cl\/index.php?rest_route=%2Fwp%2Fv2%2Fproduct_cat&post=49427"},{"taxonomy":"product_tag","embeddable":true,"href":"https:\/\/mayoristas.lanasorquidea.cl\/index.php?rest_route=%2Fwp%2Fv2%2Fproduct_tag&post=49427"}],"curies":[{"name":"wp","href":"https:\/\/api.w.org\/{rel}","templated":true}]}}