{"id":49665,"date":"2025-01-10T15:22:47","date_gmt":"2025-01-10T18:22:47","guid":{"rendered":"https:\/\/mayoristas.lanasorquidea.cl\/?post_type=product&#038;p=49665"},"modified":"2026-04-21T10:35:06","modified_gmt":"2026-04-21T13:35:06","slug":"algodon-lux-1-kg-iva-incluido","status":"publish","type":"product","link":"https:\/\/mayoristas.lanasorquidea.cl\/?product=algodon-lux-1-kg-iva-incluido","title":{"rendered":"Algod\u00f3n Lux 1 Kg (IVA incluido)"},"content":{"rendered":"<p>&nbsp;<\/p>\n<ul>\n<li><span style=\"vertical-align: inherit;\">Composici\u00f3n: 56%\u00a0<\/span><span style=\"vertical-align: inherit;\">Algod\u00f3n, 38% Acr\u00edlico, 6% Metalic<\/span><\/li>\n<li><span style=\"vertical-align: inherit;\">N\u00famero de hebras: 9<\/span><\/li>\n<li><span style=\"vertical-align: inherit;\">Gramaje: 100 gramos <\/span><\/li>\n<li><span style=\"vertical-align: inherit;\">Metros en 100 gramos: 250 metros aproximadamente<\/span><\/li>\n<li><span style=\"vertical-align: inherit;\">Grosor: 2 Fino (Light DK) <\/span><\/li>\n<li><span style=\"vertical-align: inherit;\">WPI (vueltas por pulgadas): 15-18<\/span><\/li>\n<li><span style=\"vertical-align: inherit;\">Palillo recomendado: 3.25 a 3.75 mm<\/span><\/li>\n<li><span style=\"vertical-align: inherit;\">Ganchillo recomendado: 3,25 a 3,75 mm<\/span><\/li>\n<\/ul>\n","protected":false},"excerpt":{"rendered":"<p>&nbsp; Composici\u00f3n: 56%\u00a0Algod\u00f3n, 38% Acr\u00edlico, 6% Metalic N\u00famero de hebras: 9 Gramaje: 100 gramos Metros en 100 gramos: 250 metros aproximadamente Grosor: 2 Fino (Light DK) WPI (vueltas por pulgadas): 15-18 Palillo recomendado: 3.25 a 3.75 mm Ganchillo recomendado: 3,25 a 3,75 mm<\/p>\n","protected":false},"featured_media":49681,"template":"","meta":{"_acf_changed":false},"product_brand":[],"product_cat":[68,65,57,15],"product_tag":[],"class_list":{"0":"post-49665","1":"product","2":"type-product","3":"status-publish","4":"has-post-thumbnail","6":"product_cat-linea-algodon-lanas","7":"product_cat-hilados-de-verano","8":"product_cat-linea-algodon","9":"product_cat-uncategorized","10":"pa_algodon-lux-azul-jeans-10","11":"pa_algodon-lux-beige-4","12":"pa_algodon-lux-celeste-9","13":"pa_algodon-lux-crudo-1","14":"pa_algodon-lux-lila-2","15":"pa_algodon-lux-malva-5","16":"pa_algodon-lux-negro-11","17":"pa_algodon-lux-rojo-italiano-6","18":"pa_algodon-lux-rosado-3","19":"pa_algodon-lux-verde-manzana-7","20":"pa_algodon-lux-verde-menta-8","22":"first","23":"instock","24":"sale","25":"shipping-taxable","26":"purchasable","27":"product-type-variable"},"acf":[],"_links":{"self":[{"href":"https:\/\/mayoristas.lanasorquidea.cl\/index.php?rest_route=\/wp\/v2\/product\/49665","targetHints":{"allow":["GET"]}}],"collection":[{"href":"https:\/\/mayoristas.lanasorquidea.cl\/index.php?rest_route=\/wp\/v2\/product"}],"about":[{"href":"https:\/\/mayoristas.lanasorquidea.cl\/index.php?rest_route=\/wp\/v2\/types\/product"}],"wp:featuredmedia":[{"embeddable":true,"href":"https:\/\/mayoristas.lanasorquidea.cl\/index.php?rest_route=\/wp\/v2\/media\/49681"}],"wp:attachment":[{"href":"https:\/\/mayoristas.lanasorquidea.cl\/index.php?rest_route=%2Fwp%2Fv2%2Fmedia&parent=49665"}],"wp:term":[{"taxonomy":"product_brand","embeddable":true,"href":"https:\/\/mayoristas.lanasorquidea.cl\/index.php?rest_route=%2Fwp%2Fv2%2Fproduct_brand&post=49665"},{"taxonomy":"product_cat","embeddable":true,"href":"https:\/\/mayoristas.lanasorquidea.cl\/index.php?rest_route=%2Fwp%2Fv2%2Fproduct_cat&post=49665"},{"taxonomy":"product_tag","embeddable":true,"href":"https:\/\/mayoristas.lanasorquidea.cl\/index.php?rest_route=%2Fwp%2Fv2%2Fproduct_tag&post=49665"}],"curies":[{"name":"wp","href":"https:\/\/api.w.org\/{rel}","templated":true}]}}