{"id":51252,"date":"2025-02-24T12:41:02","date_gmt":"2025-02-24T15:41:02","guid":{"rendered":"https:\/\/mayoristas.lanasorquidea.cl\/?post_type=product&#038;p=51252"},"modified":"2026-04-16T11:21:18","modified_gmt":"2026-04-16T14:21:18","slug":"the-mohair-100-grs-iva-incluido","status":"publish","type":"product","link":"https:\/\/mayoristas.lanasorquidea.cl\/?product=the-mohair-100-grs-iva-incluido","title":{"rendered":"The Mohair 1 Kg  (IVA Incluido)"},"content":{"rendered":"<h4>Cuidados<\/h4>\n<p><img fetchpriority=\"high\" decoding=\"async\" src=\"https:\/\/i.postimg.cc\/cCdmJzqq\/CU-TODOS.png\" width=\"550\" height=\"500\" \/><\/p>\n<h4>Caracter\u00edsticas<\/h4>\n<ul>\n<li>Composici\u00f3n: 5% Mohair ,10% Lana y 85% Acr\u00edlico Premium<\/li>\n<li>Gramaje: 100 gramos<\/li>\n<li>Metros en 100 gramos: 550 metros aproximadamente<\/li>\n<li>Grosor: 0 Lace<\/li>\n<li>Palillo recomendado: 1.5 a 2.5 mm<\/li>\n<li>Crochet recomendado: 1.5 a 2.5 mm<\/li>\n<\/ul>\n","protected":false},"excerpt":{"rendered":"<p>Cuidados Caracter\u00edsticas Composici\u00f3n: 5% Mohair ,10% Lana y 85% Acr\u00edlico Premium Gramaje: 100 gramos Metros en 100 gramos: 550 metros aproximadamente Grosor: 0 Lace Palillo recomendado: 1.5 a 2.5 mm Crochet recomendado: 1.5 a 2.5 mm<\/p>\n","protected":false},"featured_media":51243,"template":"","meta":{"_acf_changed":false},"product_brand":[],"product_cat":[72,15],"product_tag":[],"class_list":{"0":"post-51252","1":"product","2":"type-product","3":"status-publish","4":"has-post-thumbnail","6":"product_cat-linea-premium-lanas","7":"product_cat-uncategorized","8":"pa_the-mohair-beige-4","9":"pa_the-mohair-celeste-10","10":"pa_the-mohair-crudo-1","11":"pa_the-mohair-gasa-rosa-3","12":"pa_the-mohair-lila-8","13":"pa_the-mohair-malva-9","14":"pa_the-mohair-marengo-13","15":"pa_the-mohair-mostaza-12","16":"pa_the-mohair-negro-7","17":"pa_the-mohair-rojo-11","18":"pa_the-mohair-rosado-2","19":"pa_the-mohair-verde-manzana-5","20":"pa_the-mohair-verde-menta-6","22":"first","23":"instock","24":"sale","25":"shipping-taxable","26":"purchasable","27":"product-type-variable"},"acf":[],"_links":{"self":[{"href":"https:\/\/mayoristas.lanasorquidea.cl\/index.php?rest_route=\/wp\/v2\/product\/51252","targetHints":{"allow":["GET"]}}],"collection":[{"href":"https:\/\/mayoristas.lanasorquidea.cl\/index.php?rest_route=\/wp\/v2\/product"}],"about":[{"href":"https:\/\/mayoristas.lanasorquidea.cl\/index.php?rest_route=\/wp\/v2\/types\/product"}],"wp:featuredmedia":[{"embeddable":true,"href":"https:\/\/mayoristas.lanasorquidea.cl\/index.php?rest_route=\/wp\/v2\/media\/51243"}],"wp:attachment":[{"href":"https:\/\/mayoristas.lanasorquidea.cl\/index.php?rest_route=%2Fwp%2Fv2%2Fmedia&parent=51252"}],"wp:term":[{"taxonomy":"product_brand","embeddable":true,"href":"https:\/\/mayoristas.lanasorquidea.cl\/index.php?rest_route=%2Fwp%2Fv2%2Fproduct_brand&post=51252"},{"taxonomy":"product_cat","embeddable":true,"href":"https:\/\/mayoristas.lanasorquidea.cl\/index.php?rest_route=%2Fwp%2Fv2%2Fproduct_cat&post=51252"},{"taxonomy":"product_tag","embeddable":true,"href":"https:\/\/mayoristas.lanasorquidea.cl\/index.php?rest_route=%2Fwp%2Fv2%2Fproduct_tag&post=51252"}],"curies":[{"name":"wp","href":"https:\/\/api.w.org\/{rel}","templated":true}]}}