{"id":53183,"date":"2026-03-17T09:47:38","date_gmt":"2026-03-17T12:47:38","guid":{"rendered":"https:\/\/mayoristas.lanasorquidea.cl\/?post_type=product&#038;p=53183"},"modified":"2026-04-08T12:36:56","modified_gmt":"2026-04-08T15:36:56","slug":"the-bamboo-1-kg-iva-incluido","status":"publish","type":"product","link":"https:\/\/mayoristas.lanasorquidea.cl\/?product=the-bamboo-1-kg-iva-incluido","title":{"rendered":"The Bamboo 1 Kg (IVA incluido)"},"content":{"rendered":"<p data-start=\"201\" data-end=\"481\">The Bamboo es un hilado suave, fresco y con una ca\u00edda preciosa, ideal para prendas livianas y proyectos de uso diario. Su mezcla de <strong data-start=\"333\" data-end=\"361\">50% bamboo y 50% algod\u00f3n<\/strong> combina lo mejor de ambas fibras: la suavidad y brillo natural del bamboo con la resistencia y estabilidad del algod\u00f3n.<\/p>\n<p data-start=\"201\" data-end=\"481\">Con un grosor\u00a0<strong data-start=\"497\" data-end=\"514\">DK (3 ligero)<\/strong>, es perfecto para sweaters livianos, tops, prendas de transici\u00f3n, ropa infantil y accesorios c\u00f3modos para todo el a\u00f1o. Tiene una textura lisa y definida que realza puntos calados y texturas simples.<\/p>\n","protected":false},"excerpt":{"rendered":"<p>The Bamboo es un hilado suave, fresco y con una ca\u00edda preciosa, ideal para prendas livianas y proyectos de uso diario. Su mezcla de 50% bamboo y 50% algod\u00f3n combina lo mejor de ambas fibras: la suavidad y brillo natural del bamboo con la resistencia y estabilidad del algod\u00f3n. Con un grosor\u00a0DK (3 ligero), es [&hellip;]<\/p>\n","protected":false},"featured_media":53208,"template":"","meta":{"_acf_changed":false},"product_brand":[],"product_cat":[1629,15],"product_tag":[],"class_list":{"0":"post-53183","1":"product","2":"type-product","3":"status-publish","4":"has-post-thumbnail","6":"product_cat-linea-fibras-naturales","7":"product_cat-uncategorized","9":"first","10":"instock","11":"shipping-taxable","12":"purchasable","13":"product-type-variable"},"acf":[],"_links":{"self":[{"href":"https:\/\/mayoristas.lanasorquidea.cl\/index.php?rest_route=\/wp\/v2\/product\/53183","targetHints":{"allow":["GET"]}}],"collection":[{"href":"https:\/\/mayoristas.lanasorquidea.cl\/index.php?rest_route=\/wp\/v2\/product"}],"about":[{"href":"https:\/\/mayoristas.lanasorquidea.cl\/index.php?rest_route=\/wp\/v2\/types\/product"}],"wp:featuredmedia":[{"embeddable":true,"href":"https:\/\/mayoristas.lanasorquidea.cl\/index.php?rest_route=\/wp\/v2\/media\/53208"}],"wp:attachment":[{"href":"https:\/\/mayoristas.lanasorquidea.cl\/index.php?rest_route=%2Fwp%2Fv2%2Fmedia&parent=53183"}],"wp:term":[{"taxonomy":"product_brand","embeddable":true,"href":"https:\/\/mayoristas.lanasorquidea.cl\/index.php?rest_route=%2Fwp%2Fv2%2Fproduct_brand&post=53183"},{"taxonomy":"product_cat","embeddable":true,"href":"https:\/\/mayoristas.lanasorquidea.cl\/index.php?rest_route=%2Fwp%2Fv2%2Fproduct_cat&post=53183"},{"taxonomy":"product_tag","embeddable":true,"href":"https:\/\/mayoristas.lanasorquidea.cl\/index.php?rest_route=%2Fwp%2Fv2%2Fproduct_tag&post=53183"}],"curies":[{"name":"wp","href":"https:\/\/api.w.org\/{rel}","templated":true}]}}