{"id":53236,"date":"2026-03-16T14:08:48","date_gmt":"2026-03-16T17:08:48","guid":{"rendered":"https:\/\/mayoristas.lanasorquidea.cl\/?post_type=product&#038;p=53236"},"modified":"2026-04-29T11:46:04","modified_gmt":"2026-04-29T14:46:04","slug":"acuarela-1-kg-iva-incluido","status":"publish","type":"product","link":"https:\/\/mayoristas.lanasorquidea.cl\/?product=acuarela-1-kg-iva-incluido","title":{"rendered":"Acuarela 1 Kg (IVA incluido)"},"content":{"rendered":"<p data-start=\"173\" data-end=\"415\">Acuarela es nuestro nuevo hilado 100% acr\u00edlico anti-pilling.\u00a0Cada ovillo trae 100 gramos y 200 metros, ideal para proyectos livianos y vers\u00e1tiles. Es un grosor DK (ligero), recomendado para palillos y crochet de 3.75 a 4.5 mm, perfecto para prendas, accesorios y tejidos para toda la familia.<\/p>\n<p data-start=\"173\" data-end=\"415\">Adem\u00e1s, es hipoalerg\u00e9nico y resistente al uso, as\u00ed que es una excelente opci\u00f3n para prendas infantiles, sweaters, chales o ese proyecto que quieres que dure temporada tras temporada.<\/p>\n<p data-start=\"173\" data-end=\"415\">Disponible en 8 tonalidades que parecen pintadas a mano.<\/p>\n<p>&nbsp;<\/p>\n","protected":false},"excerpt":{"rendered":"<p>Acuarela es nuestro nuevo hilado 100% acr\u00edlico anti-pilling.\u00a0Cada ovillo trae 100 gramos y 200 metros, ideal para proyectos livianos y vers\u00e1tiles. Es un grosor DK (ligero), recomendado para palillos y crochet de 3.75 a 4.5 mm, perfecto para prendas, accesorios y tejidos para toda la familia. Adem\u00e1s, es hipoalerg\u00e9nico y resistente al uso, as\u00ed que [&hellip;]<\/p>\n","protected":false},"featured_media":53253,"template":"","meta":{"_acf_changed":false},"product_brand":[],"product_cat":[48],"product_tag":[],"class_list":{"0":"post-53236","1":"product","2":"type-product","3":"status-publish","4":"has-post-thumbnail","6":"product_cat-linea-tradicional","8":"first","9":"instock","10":"shipping-taxable","11":"purchasable","12":"product-type-variable"},"acf":[],"_links":{"self":[{"href":"https:\/\/mayoristas.lanasorquidea.cl\/index.php?rest_route=\/wp\/v2\/product\/53236","targetHints":{"allow":["GET"]}}],"collection":[{"href":"https:\/\/mayoristas.lanasorquidea.cl\/index.php?rest_route=\/wp\/v2\/product"}],"about":[{"href":"https:\/\/mayoristas.lanasorquidea.cl\/index.php?rest_route=\/wp\/v2\/types\/product"}],"wp:featuredmedia":[{"embeddable":true,"href":"https:\/\/mayoristas.lanasorquidea.cl\/index.php?rest_route=\/wp\/v2\/media\/53253"}],"wp:attachment":[{"href":"https:\/\/mayoristas.lanasorquidea.cl\/index.php?rest_route=%2Fwp%2Fv2%2Fmedia&parent=53236"}],"wp:term":[{"taxonomy":"product_brand","embeddable":true,"href":"https:\/\/mayoristas.lanasorquidea.cl\/index.php?rest_route=%2Fwp%2Fv2%2Fproduct_brand&post=53236"},{"taxonomy":"product_cat","embeddable":true,"href":"https:\/\/mayoristas.lanasorquidea.cl\/index.php?rest_route=%2Fwp%2Fv2%2Fproduct_cat&post=53236"},{"taxonomy":"product_tag","embeddable":true,"href":"https:\/\/mayoristas.lanasorquidea.cl\/index.php?rest_route=%2Fwp%2Fv2%2Fproduct_tag&post=53236"}],"curies":[{"name":"wp","href":"https:\/\/api.w.org\/{rel}","templated":true}]}}