{"id":53528,"date":"2026-04-27T16:16:22","date_gmt":"2026-04-27T19:16:22","guid":{"rendered":"https:\/\/mayoristas.lanasorquidea.cl\/?post_type=product&#038;p=53528"},"modified":"2026-04-28T15:29:01","modified_gmt":"2026-04-28T18:29:01","slug":"bolso-tejedora-asas-4-unidades","status":"publish","type":"product","link":"https:\/\/mayoristas.lanasorquidea.cl\/?product=bolso-tejedora-asas-4-unidades","title":{"rendered":"Bolso tejedora asas 4 unidades"},"content":{"rendered":"<p data-start=\"779\" data-end=\"1030\">Este bolso de algod\u00f3n en color crudo est\u00e1 dise\u00f1ado para mantener tus proyectos organizados en un formato m\u00e1s peque\u00f1o. Incluye compartimentos interiores y ojales para guiar las hebras mientras tejes, permiti\u00e9ndote trabajar de forma c\u00f3moda y ordenada.<\/p>\n<p data-start=\"1032\" data-end=\"1095\">Ideal para proyectos peque\u00f1os o para llevar solo lo esencial.<\/p>\n<p data-start=\"1032\" data-end=\"1095\">Incluye estuche para palillos.<\/p>\n<p>Ancho: 32 cm<br \/>\nAlto: 23 cm<br \/>\nProfundidad: 20 cm<\/p>\n","protected":false},"excerpt":{"rendered":"<p>Este bolso de algod\u00f3n en color crudo est\u00e1 dise\u00f1ado para mantener tus proyectos organizados en un formato m\u00e1s peque\u00f1o. Incluye compartimentos interiores y ojales para guiar las hebras mientras tejes, permiti\u00e9ndote trabajar de forma c\u00f3moda y ordenada. Ideal para proyectos peque\u00f1os o para llevar solo lo esencial. Incluye estuche para palillos. Ancho: 32 cm Alto: [&hellip;]<\/p>\n","protected":false},"featured_media":53529,"template":"","meta":{"_acf_changed":false},"product_brand":[],"product_cat":[15],"product_tag":[],"class_list":{"0":"post-53528","1":"product","2":"type-product","3":"status-publish","4":"has-post-thumbnail","6":"product_cat-uncategorized","8":"first","9":"instock","10":"shipping-taxable","11":"purchasable","12":"product-type-simple"},"acf":[],"_links":{"self":[{"href":"https:\/\/mayoristas.lanasorquidea.cl\/index.php?rest_route=\/wp\/v2\/product\/53528","targetHints":{"allow":["GET"]}}],"collection":[{"href":"https:\/\/mayoristas.lanasorquidea.cl\/index.php?rest_route=\/wp\/v2\/product"}],"about":[{"href":"https:\/\/mayoristas.lanasorquidea.cl\/index.php?rest_route=\/wp\/v2\/types\/product"}],"wp:featuredmedia":[{"embeddable":true,"href":"https:\/\/mayoristas.lanasorquidea.cl\/index.php?rest_route=\/wp\/v2\/media\/53529"}],"wp:attachment":[{"href":"https:\/\/mayoristas.lanasorquidea.cl\/index.php?rest_route=%2Fwp%2Fv2%2Fmedia&parent=53528"}],"wp:term":[{"taxonomy":"product_brand","embeddable":true,"href":"https:\/\/mayoristas.lanasorquidea.cl\/index.php?rest_route=%2Fwp%2Fv2%2Fproduct_brand&post=53528"},{"taxonomy":"product_cat","embeddable":true,"href":"https:\/\/mayoristas.lanasorquidea.cl\/index.php?rest_route=%2Fwp%2Fv2%2Fproduct_cat&post=53528"},{"taxonomy":"product_tag","embeddable":true,"href":"https:\/\/mayoristas.lanasorquidea.cl\/index.php?rest_route=%2Fwp%2Fv2%2Fproduct_tag&post=53528"}],"curies":[{"name":"wp","href":"https:\/\/api.w.org\/{rel}","templated":true}]}}