{"id":53551,"date":"2026-04-28T15:45:05","date_gmt":"2026-04-28T18:45:05","guid":{"rendered":"https:\/\/mayoristas.lanasorquidea.cl\/?post_type=product&#038;p=53551"},"modified":"2026-04-28T16:26:49","modified_gmt":"2026-04-28T19:26:49","slug":"botellas-6-unidades","status":"publish","type":"product","link":"https:\/\/mayoristas.lanasorquidea.cl\/?product=botellas-6-unidades","title":{"rendered":"Botellas 6 unidades"},"content":{"rendered":"<p data-start=\"1117\" data-end=\"1172\">Una botella pensada para acompa\u00f1arte en tu d\u00eda a d\u00eda.<\/p>\n<p data-start=\"1174\" data-end=\"1411\">Fabricada en acero inoxidable, tiene una capacidad de 600 ml y un dise\u00f1o con estampado floral en tonos verde menta, crudo y rosado. Incluye un asa para transportarla f\u00e1cilmente y un filtro de acero inoxidable, perfecto para infusiones.<\/p>\n<p data-start=\"1413\" data-end=\"1466\">Pr\u00e1ctica, liviana y f\u00e1cil de llevar a todas partes.<\/p>\n","protected":false},"excerpt":{"rendered":"<p>Una botella pensada para acompa\u00f1arte en tu d\u00eda a d\u00eda. Fabricada en acero inoxidable, tiene una capacidad de 600 ml y un dise\u00f1o con estampado floral en tonos verde menta, crudo y rosado. Incluye un asa para transportarla f\u00e1cilmente y un filtro de acero inoxidable, perfecto para infusiones. Pr\u00e1ctica, liviana y f\u00e1cil de llevar a [&hellip;]<\/p>\n","protected":false},"featured_media":53556,"template":"","meta":{"_acf_changed":false},"product_brand":[],"product_cat":[15],"product_tag":[],"class_list":{"0":"post-53551","1":"product","2":"type-product","3":"status-publish","4":"has-post-thumbnail","6":"product_cat-uncategorized","8":"first","9":"instock","10":"shipping-taxable","11":"purchasable","12":"product-type-variable"},"acf":[],"_links":{"self":[{"href":"https:\/\/mayoristas.lanasorquidea.cl\/index.php?rest_route=\/wp\/v2\/product\/53551","targetHints":{"allow":["GET"]}}],"collection":[{"href":"https:\/\/mayoristas.lanasorquidea.cl\/index.php?rest_route=\/wp\/v2\/product"}],"about":[{"href":"https:\/\/mayoristas.lanasorquidea.cl\/index.php?rest_route=\/wp\/v2\/types\/product"}],"wp:featuredmedia":[{"embeddable":true,"href":"https:\/\/mayoristas.lanasorquidea.cl\/index.php?rest_route=\/wp\/v2\/media\/53556"}],"wp:attachment":[{"href":"https:\/\/mayoristas.lanasorquidea.cl\/index.php?rest_route=%2Fwp%2Fv2%2Fmedia&parent=53551"}],"wp:term":[{"taxonomy":"product_brand","embeddable":true,"href":"https:\/\/mayoristas.lanasorquidea.cl\/index.php?rest_route=%2Fwp%2Fv2%2Fproduct_brand&post=53551"},{"taxonomy":"product_cat","embeddable":true,"href":"https:\/\/mayoristas.lanasorquidea.cl\/index.php?rest_route=%2Fwp%2Fv2%2Fproduct_cat&post=53551"},{"taxonomy":"product_tag","embeddable":true,"href":"https:\/\/mayoristas.lanasorquidea.cl\/index.php?rest_route=%2Fwp%2Fv2%2Fproduct_tag&post=53551"}],"curies":[{"name":"wp","href":"https:\/\/api.w.org\/{rel}","templated":true}]}}